{"id":4347,"date":"2024-09-27T23:40:47","date_gmt":"2024-09-28T03:40:47","guid":{"rendered":"https:\/\/cbbenefits.ca\/?page_id=4347"},"modified":"2024-09-28T00:25:51","modified_gmt":"2024-09-28T04:25:51","slug":"adam-cree","status":"publish","type":"page","link":"https:\/\/cbbenefits.ca\/fr\/gouvernance\/adam-cree\/","title":{"rendered":"Adam Cree"},"content":{"rendered":"  <div id=\"page-hero-block_b71f373b7a26782d3355dc7bd6eb34f5\" class=\"page-hero no-image\">\r\n    <div class=\"page-hero__container grey\" >\r\n      <div class=\"page-hero__image\">\r\n        <div class=\"page-hero__image__circle\">\r\n          <div class=\"page-hero__image__circle__bottom none\" style=\"background-image:url('')\"><\/div>\r\n        <\/div>\r\n      <\/div>\r\n      <div class=\"page-hero__wrapper\">\r\n        <div class=\"page-hero__breadcrumb\">\r\n          <h1>\r\n                          <a href=\"\/fr\/gouvernance\/\"><span class=\"page-hero__breadcrumb__parent\">Gouvernance<\/span><\/a> <span class=\"page-hero__breadcrumb__separator\">|<\/span>\r\n                        <span class=\"page-hero__breadcrumb__current\">\r\n                              Adam Cree                           <\/span>\r\n          <\/h1>\r\n        <\/div>\r\n      <\/div>\r\n    <\/div>\r\n  <\/div>\r\n\n\n\n<div class=\"wp-block-columns is-not-stacked-on-mobile member-single is-layout-flex wp-container-core-columns-is-layout-9d6595d7 wp-block-columns-is-layout-flex\">\n<div class=\"wp-block-column is-layout-flow wp-block-column-is-layout-flow\" style=\"flex-basis:33.33%\">\n<figure class=\"wp-block-image size-full is-style-rounded\"><img loading=\"lazy\" decoding=\"async\" width=\"1000\" height=\"1000\" src=\"\/wp-content\/uploads\/2024\/06\/cb-benefits-committee-member-adam-cree-1x1-1.jpg\" alt=\"Adam Cree\" class=\"wp-image-3712\" style=\"aspect-ratio:1;object-fit:cover\" title=\"\" srcset=\"\/wp-content\/uploads\/2024\/06\/cb-benefits-committee-member-adam-cree-1x1-1.jpg 1000w, \/wp-content\/uploads\/2024\/06\/cb-benefits-committee-member-adam-cree-1x1-1-300x300.jpg 300w, \/wp-content\/uploads\/2024\/06\/cb-benefits-committee-member-adam-cree-1x1-1-768x768.jpg 768w\" sizes=\"auto, (max-width: 1000px) 100vw, 1000px\" \/><\/figure>\n<\/div>\n\n\n\n<div class=\"wp-block-column is-layout-flow wp-block-column-is-layout-flow\" style=\"flex-basis:66.66%\">\n<h2 class=\"wp-block-heading has-large-font-size\"><strong>Adam Cree<\/strong><\/h2>\n\n\n\n<h4 class=\"wp-block-heading has-text-align-left has-medium-font-size\" style=\"font-style:normal;font-weight:500\">Directeur des finances et de l\u2019administration\u00a0(BCOQ)<\/h4>\n\n\n\n<p><strong>Adam Cree<\/strong> est directeur des finances et de l\u2019administration aupr\u00e8s des Baptistes canadiens de l\u2019Ontario et du Qu\u00e9bec (BCOQ), poste qu\u2019il occupe depuis ao\u00fbt 2020. Avant cela, M. Cree a \u0153uvr\u00e9 pendant sept ans aupr\u00e8s de l\u2019Arm\u00e9e du Salut, o\u00f9 il a rempli divers r\u00f4les dans le service des finances et obtenu sa d\u00e9signation de comptable professionnel agr\u00e9\u00e9 (CPA). Il est membre actif de l\u2019\u00e9glise baptiste Bethany de Toronto, o\u00f9 il offre ses services de tr\u00e9sorier \u00e0 titre b\u00e9n\u00e9vole au conseil de gestion.<\/p>\n<\/div>\n<\/div>\n","protected":false},"excerpt":{"rendered":"<p>Adam Cree Directeur des finances et de l\u2019administration\u00a0(BCOQ) Adam Cree est directeur des finances et de l\u2019administration aupr\u00e8s des Baptistes canadiens de l\u2019Ontario et du Qu\u00e9bec (BCOQ), poste qu\u2019il occupe depuis ao\u00fbt 2020. Avant cela, M. Cree a \u0153uvr\u00e9 pendant sept ans aupr\u00e8s de l\u2019Arm\u00e9e du Salut, o\u00f9 il a rempli divers r\u00f4les dans le [&hellip;]<\/p>\n","protected":false},"author":2,"featured_media":0,"parent":4351,"menu_order":1,"comment_status":"closed","ping_status":"closed","template":"page-template\/boxed-layout.php","meta":{"_acf_changed":false,"footnotes":""},"class_list":["post-4347","page","type-page","status-publish","hentry"],"acf":[],"_links":{"self":[{"href":"https:\/\/cbbenefits.ca\/fr\/wp-json\/wp\/v2\/pages\/4347","targetHints":{"allow":["GET"]}}],"collection":[{"href":"https:\/\/cbbenefits.ca\/fr\/wp-json\/wp\/v2\/pages"}],"about":[{"href":"https:\/\/cbbenefits.ca\/fr\/wp-json\/wp\/v2\/types\/page"}],"author":[{"embeddable":true,"href":"https:\/\/cbbenefits.ca\/fr\/wp-json\/wp\/v2\/users\/2"}],"replies":[{"embeddable":true,"href":"https:\/\/cbbenefits.ca\/fr\/wp-json\/wp\/v2\/comments?post=4347"}],"version-history":[{"count":1,"href":"https:\/\/cbbenefits.ca\/fr\/wp-json\/wp\/v2\/pages\/4347\/revisions"}],"predecessor-version":[{"id":4348,"href":"https:\/\/cbbenefits.ca\/fr\/wp-json\/wp\/v2\/pages\/4347\/revisions\/4348"}],"up":[{"embeddable":true,"href":"https:\/\/cbbenefits.ca\/fr\/wp-json\/wp\/v2\/pages\/4351"}],"wp:attachment":[{"href":"https:\/\/cbbenefits.ca\/fr\/wp-json\/wp\/v2\/media?parent=4347"}],"curies":[{"name":"wp","href":"https:\/\/api.w.org\/{rel}","templated":true}]}}