{"id":4419,"date":"2024-09-27T23:53:45","date_gmt":"2024-09-28T03:53:45","guid":{"rendered":"https:\/\/cbbenefits.ca\/?page_id=4419"},"modified":"2024-09-28T00:35:37","modified_gmt":"2024-09-28T04:35:37","slug":"guy-pierre-canel","status":"publish","type":"page","link":"https:\/\/cbbenefits.ca\/fr\/gouvernance\/guy-pierre-canel\/","title":{"rendered":"Guy Pierre-Canel"},"content":{"rendered":"  <div id=\"page-hero-block_712594e91ec2cd7d91575666285f3a77\" class=\"page-hero no-image\">\r\n    <div class=\"page-hero__container grey\" >\r\n      <div class=\"page-hero__image\">\r\n        <div class=\"page-hero__image__circle\">\r\n          <div class=\"page-hero__image__circle__bottom none\" style=\"background-image:url('')\"><\/div>\r\n        <\/div>\r\n      <\/div>\r\n      <div class=\"page-hero__wrapper\">\r\n        <div class=\"page-hero__breadcrumb\">\r\n          <h1>\r\n                          <a href=\"\/fr\/gouvernance\/\"><span class=\"page-hero__breadcrumb__parent\">Gouvernance<\/span><\/a> <span class=\"page-hero__breadcrumb__separator\">|<\/span>\r\n                        <span class=\"page-hero__breadcrumb__current\">\r\n                              Guy Pierre-Canel                          <\/span>\r\n          <\/h1>\r\n        <\/div>\r\n      <\/div>\r\n    <\/div>\r\n  <\/div>\r\n\n\n\n<div class=\"wp-block-columns is-not-stacked-on-mobile member-single is-layout-flex wp-container-core-columns-is-layout-9d6595d7 wp-block-columns-is-layout-flex\">\n<div class=\"wp-block-column is-layout-flow wp-block-column-is-layout-flow\" style=\"flex-basis:33.33%\">\n<figure class=\"wp-block-image size-full is-style-rounded\"><img loading=\"lazy\" decoding=\"async\" width=\"1000\" height=\"1000\" src=\"\/wp-content\/uploads\/2024\/06\/cb-benefits-committee-member-guy-pierre-canal-1x1-1.jpg\" alt=\"\" class=\"wp-image-3714\" style=\"aspect-ratio:1;object-fit:cover\" title=\"\" srcset=\"\/wp-content\/uploads\/2024\/06\/cb-benefits-committee-member-guy-pierre-canal-1x1-1.jpg 1000w, \/wp-content\/uploads\/2024\/06\/cb-benefits-committee-member-guy-pierre-canal-1x1-1-300x300.jpg 300w, \/wp-content\/uploads\/2024\/06\/cb-benefits-committee-member-guy-pierre-canal-1x1-1-768x768.jpg 768w\" sizes=\"auto, (max-width: 1000px) 100vw, 1000px\" \/><\/figure>\n<\/div>\n\n\n\n<div class=\"wp-block-column is-layout-flow wp-block-column-is-layout-flow\" style=\"flex-basis:66.66%\">\n<h2 class=\"wp-block-heading has-large-font-size\"><strong><strong>Guy Pierre-Canel<\/strong><\/strong><\/h2>\n\n\n\n<h4 class=\"wp-block-heading has-text-align-left has-medium-font-size\" style=\"font-style:normal;font-weight:500\">Membre de le Comit\u00e9<\/h4>\n\n\n\n<p><strong>Guy Pierre-Canel<\/strong>, qui a \u00e9t\u00e9 ordonn\u00e9 en juin 2013, est pasteur principal aupr\u00e8s de l\u2019\u00c9glise \u00e9vang\u00e9lique baptiste d\u2019Ottawa, dont il est membre depuis 1992. Avant de devenir pasteur \u00e0 plein temps, M. Pierre-Canel a connu une brillante carri\u00e8re \u00e0 titre de cadre sup\u00e9rieur en gestion financi\u00e8re aupr\u00e8s du gouvernement f\u00e9d\u00e9ral, ayant pris sa retraite en 2017. Dans ses temps libres, il aime voyager, lire et regarder des films historiques. Il est mari\u00e9 \u00e0 sa conjointe, Sonie, depuis plus de 31 ans, et ceux-ci ont deux enfants adultes, appel\u00e9s Matthieu et M\u00e9lissa.<\/p>\n<\/div>\n<\/div>\n","protected":false},"excerpt":{"rendered":"<p>Guy Pierre-Canel Membre de le Comit\u00e9 Guy Pierre-Canel, qui a \u00e9t\u00e9 ordonn\u00e9 en juin 2013, est pasteur principal aupr\u00e8s de l\u2019\u00c9glise \u00e9vang\u00e9lique baptiste d\u2019Ottawa, dont il est membre depuis 1992. Avant de devenir pasteur \u00e0 plein temps, M. Pierre-Canel a connu une brillante carri\u00e8re \u00e0 titre de cadre sup\u00e9rieur en gestion financi\u00e8re aupr\u00e8s du gouvernement [&hellip;]<\/p>\n","protected":false},"author":2,"featured_media":0,"parent":4351,"menu_order":1,"comment_status":"closed","ping_status":"closed","template":"page-template\/boxed-layout.php","meta":{"_acf_changed":false,"footnotes":""},"class_list":["post-4419","page","type-page","status-publish","hentry"],"acf":[],"_links":{"self":[{"href":"https:\/\/cbbenefits.ca\/fr\/wp-json\/wp\/v2\/pages\/4419","targetHints":{"allow":["GET"]}}],"collection":[{"href":"https:\/\/cbbenefits.ca\/fr\/wp-json\/wp\/v2\/pages"}],"about":[{"href":"https:\/\/cbbenefits.ca\/fr\/wp-json\/wp\/v2\/types\/page"}],"author":[{"embeddable":true,"href":"https:\/\/cbbenefits.ca\/fr\/wp-json\/wp\/v2\/users\/2"}],"replies":[{"embeddable":true,"href":"https:\/\/cbbenefits.ca\/fr\/wp-json\/wp\/v2\/comments?post=4419"}],"version-history":[{"count":2,"href":"https:\/\/cbbenefits.ca\/fr\/wp-json\/wp\/v2\/pages\/4419\/revisions"}],"predecessor-version":[{"id":4460,"href":"https:\/\/cbbenefits.ca\/fr\/wp-json\/wp\/v2\/pages\/4419\/revisions\/4460"}],"up":[{"embeddable":true,"href":"https:\/\/cbbenefits.ca\/fr\/wp-json\/wp\/v2\/pages\/4351"}],"wp:attachment":[{"href":"https:\/\/cbbenefits.ca\/fr\/wp-json\/wp\/v2\/media?parent=4419"}],"curies":[{"name":"wp","href":"https:\/\/api.w.org\/{rel}","templated":true}]}}