{"id":4420,"date":"2024-09-28T00:01:03","date_gmt":"2024-09-28T04:01:03","guid":{"rendered":"https:\/\/cbbenefits.ca\/?page_id=4420"},"modified":"2024-09-28T00:28:49","modified_gmt":"2024-09-28T04:28:49","slug":"jeff-macarthur","status":"publish","type":"page","link":"https:\/\/cbbenefits.ca\/fr\/gouvernance\/jeff-macarthur\/","title":{"rendered":"Jeff MacArthur"},"content":{"rendered":"  <div id=\"page-hero-block_eb788e0aaad86e50764a8dd3e376a416\" class=\"page-hero no-image\">\r\n    <div class=\"page-hero__container grey\" >\r\n      <div class=\"page-hero__image\">\r\n        <div class=\"page-hero__image__circle\">\r\n          <div class=\"page-hero__image__circle__bottom none\" style=\"background-image:url('')\"><\/div>\r\n        <\/div>\r\n      <\/div>\r\n      <div class=\"page-hero__wrapper\">\r\n        <div class=\"page-hero__breadcrumb\">\r\n          <h1>\r\n                          <a href=\"\/fr\/gouvernance\/\"><span class=\"page-hero__breadcrumb__parent\">Gouvernance<\/span><\/a> <span class=\"page-hero__breadcrumb__separator\">|<\/span>\r\n                        <span class=\"page-hero__breadcrumb__current\">\r\n                              Jeff MacArthur                          <\/span>\r\n          <\/h1>\r\n        <\/div>\r\n      <\/div>\r\n    <\/div>\r\n  <\/div>\r\n\n\n\n<div class=\"wp-block-columns is-not-stacked-on-mobile member-single is-layout-flex wp-container-core-columns-is-layout-9d6595d7 wp-block-columns-is-layout-flex\">\n<div class=\"wp-block-column is-layout-flow wp-block-column-is-layout-flow\" style=\"flex-basis:33.33%\">\n<figure class=\"wp-block-image size-full is-style-rounded\"><img loading=\"lazy\" decoding=\"async\" width=\"1000\" height=\"1000\" src=\"\/wp-content\/uploads\/2024\/06\/cb-benefits-committee-member-jeff-macarthur-1x1-1.jpg\" alt=\"\" class=\"wp-image-3716\" style=\"aspect-ratio:1;object-fit:cover\" title=\"\" srcset=\"\/wp-content\/uploads\/2024\/06\/cb-benefits-committee-member-jeff-macarthur-1x1-1.jpg 1000w, \/wp-content\/uploads\/2024\/06\/cb-benefits-committee-member-jeff-macarthur-1x1-1-300x300.jpg 300w, \/wp-content\/uploads\/2024\/06\/cb-benefits-committee-member-jeff-macarthur-1x1-1-768x768.jpg 768w\" sizes=\"auto, (max-width: 1000px) 100vw, 1000px\" \/><\/figure>\n<\/div>\n\n\n\n<div class=\"wp-block-column is-layout-flow wp-block-column-is-layout-flow\" style=\"flex-basis:66.66%\">\n<h2 class=\"wp-block-heading has-large-font-size\"><strong><strong>Jeff MacArthur<\/strong><\/strong><\/h2>\n\n\n\n<h4 class=\"wp-block-heading has-text-align-left has-medium-font-size\" style=\"font-style:normal;font-weight:500\">Membre de le Comit\u00e9<\/h4>\n\n\n\n<p><strong>Jeff MacArthur<\/strong>, expert en finances et en promotion immobili\u00e8re, d\u00e9tient un baccalaur\u00e9at en administration des affaires, avec concentration en finances, de l\u2019Universit\u00e9 Acadia. Fort de 15 ans d\u2019exp\u00e9rience dans l\u2019exploitation de PME au sein du secteur immobilier, il a fond\u00e9 sa propre entreprise avant de devenir, en 2017, chef de la direction de la <em>Atlantic Baptist Foundation<\/em> (ABF), organisation \u00e0 but non lucratif qui offre des solutions de pr\u00eats aux \u00e9glises membres des Baptistes canadiens du Canada Atlantique (<em>Canadian Baptists of Atlantic Canada <\/em>(CBAC)) pour les aider \u00e0 mettre en \u0153uvre leurs projets d\u2019immobilisations. Sous sa tutelle, la ABF a op\u00e9r\u00e9 une profonde transformation, ayant notamment cr\u00e9\u00e9 une nouvelle image de marque, effectu\u00e9 des placements strat\u00e9giques dans les TI, \u00e9largi le champ d\u2019exp\u00e9rience des membres de son conseil, pr\u00e9cis\u00e9 sa mission et proc\u00e9d\u00e9 \u00e0 un examen d\u00e9taill\u00e9 de ses politiques, qui se poursuit. En dehors du travail, M. MacArthur aime passer du temps en famille avec sa conjointe et leurs trois adolescents inspirants et tr\u00e8s actifs. Il participe aussi activement au programme de musique de son \u00e9glise et \u00e0 la pastorale des hommes.<\/p>\n<\/div>\n<\/div>\n","protected":false},"excerpt":{"rendered":"<p>Jeff MacArthur Membre de le Comit\u00e9 Jeff MacArthur, expert en finances et en promotion immobili\u00e8re, d\u00e9tient un baccalaur\u00e9at en administration des affaires, avec concentration en finances, de l\u2019Universit\u00e9 Acadia. Fort de 15 ans d\u2019exp\u00e9rience dans l\u2019exploitation de PME au sein du secteur immobilier, il a fond\u00e9 sa propre entreprise avant de devenir, en 2017, chef [&hellip;]<\/p>\n","protected":false},"author":2,"featured_media":0,"parent":4351,"menu_order":1,"comment_status":"closed","ping_status":"closed","template":"page-template\/boxed-layout.php","meta":{"_acf_changed":false,"footnotes":""},"class_list":["post-4420","page","type-page","status-publish","hentry"],"acf":[],"_links":{"self":[{"href":"https:\/\/cbbenefits.ca\/fr\/wp-json\/wp\/v2\/pages\/4420","targetHints":{"allow":["GET"]}}],"collection":[{"href":"https:\/\/cbbenefits.ca\/fr\/wp-json\/wp\/v2\/pages"}],"about":[{"href":"https:\/\/cbbenefits.ca\/fr\/wp-json\/wp\/v2\/types\/page"}],"author":[{"embeddable":true,"href":"https:\/\/cbbenefits.ca\/fr\/wp-json\/wp\/v2\/users\/2"}],"replies":[{"embeddable":true,"href":"https:\/\/cbbenefits.ca\/fr\/wp-json\/wp\/v2\/comments?post=4420"}],"version-history":[{"count":3,"href":"https:\/\/cbbenefits.ca\/fr\/wp-json\/wp\/v2\/pages\/4420\/revisions"}],"predecessor-version":[{"id":4451,"href":"https:\/\/cbbenefits.ca\/fr\/wp-json\/wp\/v2\/pages\/4420\/revisions\/4451"}],"up":[{"embeddable":true,"href":"https:\/\/cbbenefits.ca\/fr\/wp-json\/wp\/v2\/pages\/4351"}],"wp:attachment":[{"href":"https:\/\/cbbenefits.ca\/fr\/wp-json\/wp\/v2\/media?parent=4420"}],"curies":[{"name":"wp","href":"https:\/\/api.w.org\/{rel}","templated":true}]}}