{"id":4421,"date":"2024-09-28T00:02:56","date_gmt":"2024-09-28T04:02:56","guid":{"rendered":"https:\/\/cbbenefits.ca\/?page_id=4421"},"modified":"2024-09-28T00:31:26","modified_gmt":"2024-09-28T04:31:26","slug":"karen-gunn","status":"publish","type":"page","link":"https:\/\/cbbenefits.ca\/fr\/gouvernance\/karen-gunn\/","title":{"rendered":"Karen Gunn"},"content":{"rendered":"  <div id=\"page-hero-block_6aea190f487d63949d3967ee63f00c16\" class=\"page-hero no-image\">\r\n    <div class=\"page-hero__container grey\" >\r\n      <div class=\"page-hero__image\">\r\n        <div class=\"page-hero__image__circle\">\r\n          <div class=\"page-hero__image__circle__bottom none\" style=\"background-image:url('')\"><\/div>\r\n        <\/div>\r\n      <\/div>\r\n      <div class=\"page-hero__wrapper\">\r\n        <div class=\"page-hero__breadcrumb\">\r\n          <h1>\r\n                          <a href=\"\/fr\/gouvernance\/\"><span class=\"page-hero__breadcrumb__parent\">Gouvernance<\/span><\/a> <span class=\"page-hero__breadcrumb__separator\">|<\/span>\r\n                        <span class=\"page-hero__breadcrumb__current\">\r\n                              Karen Gunn                          <\/span>\r\n          <\/h1>\r\n        <\/div>\r\n      <\/div>\r\n    <\/div>\r\n  <\/div>\r\n\n\n\n<div class=\"wp-block-columns is-not-stacked-on-mobile member-single is-layout-flex wp-container-core-columns-is-layout-9d6595d7 wp-block-columns-is-layout-flex\">\n<div class=\"wp-block-column is-layout-flow wp-block-column-is-layout-flow\" style=\"flex-basis:33.33%\">\n<figure class=\"wp-block-image size-full is-style-rounded\"><img loading=\"lazy\" decoding=\"async\" width=\"1000\" height=\"1000\" src=\"\/wp-content\/uploads\/2024\/06\/cb-benefits-committee-member-karen-gunn-1x1-1.jpg\" alt=\"\" class=\"wp-image-3720\" style=\"aspect-ratio:1;object-fit:cover\" title=\"\" srcset=\"\/wp-content\/uploads\/2024\/06\/cb-benefits-committee-member-karen-gunn-1x1-1.jpg 1000w, \/wp-content\/uploads\/2024\/06\/cb-benefits-committee-member-karen-gunn-1x1-1-300x300.jpg 300w, \/wp-content\/uploads\/2024\/06\/cb-benefits-committee-member-karen-gunn-1x1-1-768x768.jpg 768w\" sizes=\"auto, (max-width: 1000px) 100vw, 1000px\" \/><\/figure>\n<\/div>\n\n\n\n<div class=\"wp-block-column is-layout-flow wp-block-column-is-layout-flow\" style=\"flex-basis:66.66%\">\n<h2 class=\"wp-block-heading has-large-font-size\"><strong><strong>Karen Gunn<\/strong><\/strong><\/h2>\n\n\n\n<h4 class=\"wp-block-heading has-text-align-left has-medium-font-size\" style=\"font-style:normal;font-weight:500\">Gestionnaire des rentes et des avantages sociaux (CBAC)<\/h4>\n\n\n\n<p><strong>Karen Gunn<\/strong> est, depuis 2006, gestionnaire des rentes et des avantages sociaux aupr\u00e8s des Baptistes canadiens du Canada Atlantique (<em>Canadian Baptists of Atlantic Canada <\/em>(CBAC)), o\u00f9 elle a entam\u00e9 son parcours professionnel en 1998 \u00e0 titre d\u2019adjointe financi\u00e8re. Forte d\u2019une vaste exp\u00e9rience dans le domaine du service \u00e0 la client\u00e8le, elle est vou\u00e9e au soutien des pasteurs, et ce, tant pendant leur minist\u00e8re qu\u2019au cours de leur transition vers la retraite, et elle est enthousiaste \u00e0 la perspective de former les tr\u00e9soriers \u00e0 mieux servir leur \u00e9glise et leurs pasteurs. En dehors du travail, elle aime jouer au golf, faire de la randonn\u00e9e et assister \u00e0 des \u00e9v\u00e9nements sportifs avec son conjoint, avec qui elle partage 31 ann\u00e9es de mariage. R\u00e9cemment devenue grand-m\u00e8re, elle aime raconter ses exp\u00e9riences dans ce nouveau r\u00f4le.<\/p>\n<\/div>\n<\/div>\n","protected":false},"excerpt":{"rendered":"<p>Karen Gunn Gestionnaire des rentes et des avantages sociaux (CBAC) Karen Gunn est, depuis 2006, gestionnaire des rentes et des avantages sociaux aupr\u00e8s des Baptistes canadiens du Canada Atlantique (Canadian Baptists of Atlantic Canada (CBAC)), o\u00f9 elle a entam\u00e9 son parcours professionnel en 1998 \u00e0 titre d\u2019adjointe financi\u00e8re. Forte d\u2019une vaste exp\u00e9rience dans le domaine [&hellip;]<\/p>\n","protected":false},"author":2,"featured_media":0,"parent":4351,"menu_order":1,"comment_status":"closed","ping_status":"closed","template":"page-template\/boxed-layout.php","meta":{"_acf_changed":false,"footnotes":""},"class_list":["post-4421","page","type-page","status-publish","hentry"],"acf":[],"_links":{"self":[{"href":"https:\/\/cbbenefits.ca\/fr\/wp-json\/wp\/v2\/pages\/4421","targetHints":{"allow":["GET"]}}],"collection":[{"href":"https:\/\/cbbenefits.ca\/fr\/wp-json\/wp\/v2\/pages"}],"about":[{"href":"https:\/\/cbbenefits.ca\/fr\/wp-json\/wp\/v2\/types\/page"}],"author":[{"embeddable":true,"href":"https:\/\/cbbenefits.ca\/fr\/wp-json\/wp\/v2\/users\/2"}],"replies":[{"embeddable":true,"href":"https:\/\/cbbenefits.ca\/fr\/wp-json\/wp\/v2\/comments?post=4421"}],"version-history":[{"count":2,"href":"https:\/\/cbbenefits.ca\/fr\/wp-json\/wp\/v2\/pages\/4421\/revisions"}],"predecessor-version":[{"id":4458,"href":"https:\/\/cbbenefits.ca\/fr\/wp-json\/wp\/v2\/pages\/4421\/revisions\/4458"}],"up":[{"embeddable":true,"href":"https:\/\/cbbenefits.ca\/fr\/wp-json\/wp\/v2\/pages\/4351"}],"wp:attachment":[{"href":"https:\/\/cbbenefits.ca\/fr\/wp-json\/wp\/v2\/media?parent=4421"}],"curies":[{"name":"wp","href":"https:\/\/api.w.org\/{rel}","templated":true}]}}