{"id":4422,"date":"2024-09-28T00:05:09","date_gmt":"2024-09-28T04:05:09","guid":{"rendered":"https:\/\/cbbenefits.ca\/?page_id=4422"},"modified":"2024-09-28T00:29:27","modified_gmt":"2024-09-28T04:29:27","slug":"lisa-velakis","status":"publish","type":"page","link":"https:\/\/cbbenefits.ca\/fr\/gouvernance\/lisa-velakis\/","title":{"rendered":"Lisa Velakis"},"content":{"rendered":"  <div id=\"page-hero-block_ab3f017d85bfc307ae41259356b856e2\" class=\"page-hero no-image\">\r\n    <div class=\"page-hero__container grey\" >\r\n      <div class=\"page-hero__image\">\r\n        <div class=\"page-hero__image__circle\">\r\n          <div class=\"page-hero__image__circle__bottom none\" style=\"background-image:url('')\"><\/div>\r\n        <\/div>\r\n      <\/div>\r\n      <div class=\"page-hero__wrapper\">\r\n        <div class=\"page-hero__breadcrumb\">\r\n          <h1>\r\n                          <a href=\"\/fr\/gouvernance\/\"><span class=\"page-hero__breadcrumb__parent\">Gouvernance<\/span><\/a> <span class=\"page-hero__breadcrumb__separator\">|<\/span>\r\n                        <span class=\"page-hero__breadcrumb__current\">\r\n                              Lisa Velakis                          <\/span>\r\n          <\/h1>\r\n        <\/div>\r\n      <\/div>\r\n    <\/div>\r\n  <\/div>\r\n\n\n\n<div class=\"wp-block-columns is-not-stacked-on-mobile member-single is-layout-flex wp-container-core-columns-is-layout-9d6595d7 wp-block-columns-is-layout-flex\">\n<div class=\"wp-block-column is-layout-flow wp-block-column-is-layout-flow\" style=\"flex-basis:33.33%\">\n<figure class=\"wp-block-image size-full is-style-rounded\"><img loading=\"lazy\" decoding=\"async\" width=\"1000\" height=\"1000\" src=\"\/wp-content\/uploads\/2024\/06\/cb-benefits-committee-member-lisa-velakis-1x1-1.jpg\" alt=\"\" class=\"wp-image-3722\" style=\"aspect-ratio:1;object-fit:cover\" title=\"\" srcset=\"\/wp-content\/uploads\/2024\/06\/cb-benefits-committee-member-lisa-velakis-1x1-1.jpg 1000w, \/wp-content\/uploads\/2024\/06\/cb-benefits-committee-member-lisa-velakis-1x1-1-300x300.jpg 300w, \/wp-content\/uploads\/2024\/06\/cb-benefits-committee-member-lisa-velakis-1x1-1-768x768.jpg 768w\" sizes=\"auto, (max-width: 1000px) 100vw, 1000px\" \/><\/figure>\n<\/div>\n\n\n\n<div class=\"wp-block-column is-layout-flow wp-block-column-is-layout-flow\" style=\"flex-basis:66.66%\">\n<h2 class=\"wp-block-heading has-large-font-size\"><strong><strong>Lisa Velakis<\/strong><\/strong><\/h2>\n\n\n\n<h4 class=\"wp-block-heading has-text-align-left has-medium-font-size\" style=\"font-style:normal;font-weight:500\">D\u2019adjointe \u00e0 la direction (MBC)<\/h4>\n\n\n\n<p><strong>Lisa Velakis<\/strong> \u0153uvre aupr\u00e8s des Minist\u00e8res baptistes canadiens (MBC) depuis 2013, occupant le r\u00f4le d\u2019adjointe \u00e0 la direction. Mme Velakis d\u00e9tient un dipl\u00f4me en d\u00e9veloppement du leadership, qu\u2019elle a obtenu aupr\u00e8s du <em>Baptist Leadership Education Centre<\/em>, ainsi qu\u2019un baccalaur\u00e9at sp\u00e9cialis\u00e9 en commerce de l\u2019Universit\u00e9 de Guelph. Dans le cadre de son mandat, elle a travaill\u00e9 avec trois directeurs g\u00e9n\u00e9raux diff\u00e9rents, r\u00f4le qui l\u2019a appel\u00e9e \u00e0 soutenir non seulement ces personnes, mais \u00e9galement le Conseil d\u2019administration, le Comit\u00e9 de direction, le Comit\u00e9 d\u2019audit, le Comit\u00e9 de retraite et d\u2019assurance, les dirigeants et les chefs d\u2019\u00e9quipe. C\u2019est donc dire qu\u2019elle doit planifier beaucoup de r\u00e9unions, et y assister aussi! La majorit\u00e9 du travail des MBC est r\u00e9alis\u00e9 directement aupr\u00e8s des gens et ax\u00e9 sur les projets et les b\u00e9n\u00e9ficiaires, ce qui ne serait pas possible sans une gouvernance solide et des syst\u00e8mes robustes. Mme Velakis est reconnaissante du fait que, dans son r\u00f4le, elle offre un soutien pratique \u00e0 l\u2019ensemble du minist\u00e8re. R\u00e9sidents de Milton, en Ontario, Mme Velakis et son conjoint, Paul, profitent de la vie avec leurs deux enfants, Lukas et Natalia.<\/p>\n<\/div>\n<\/div>\n","protected":false},"excerpt":{"rendered":"<p>Lisa Velakis D\u2019adjointe \u00e0 la direction (MBC) Lisa Velakis \u0153uvre aupr\u00e8s des Minist\u00e8res baptistes canadiens (MBC) depuis 2013, occupant le r\u00f4le d\u2019adjointe \u00e0 la direction. Mme Velakis d\u00e9tient un dipl\u00f4me en d\u00e9veloppement du leadership, qu\u2019elle a obtenu aupr\u00e8s du Baptist Leadership Education Centre, ainsi qu\u2019un baccalaur\u00e9at sp\u00e9cialis\u00e9 en commerce de l\u2019Universit\u00e9 de Guelph. Dans le [&hellip;]<\/p>\n","protected":false},"author":2,"featured_media":0,"parent":4351,"menu_order":1,"comment_status":"closed","ping_status":"closed","template":"page-template\/boxed-layout.php","meta":{"_acf_changed":false,"footnotes":""},"class_list":["post-4422","page","type-page","status-publish","hentry"],"acf":[],"_links":{"self":[{"href":"https:\/\/cbbenefits.ca\/fr\/wp-json\/wp\/v2\/pages\/4422","targetHints":{"allow":["GET"]}}],"collection":[{"href":"https:\/\/cbbenefits.ca\/fr\/wp-json\/wp\/v2\/pages"}],"about":[{"href":"https:\/\/cbbenefits.ca\/fr\/wp-json\/wp\/v2\/types\/page"}],"author":[{"embeddable":true,"href":"https:\/\/cbbenefits.ca\/fr\/wp-json\/wp\/v2\/users\/2"}],"replies":[{"embeddable":true,"href":"https:\/\/cbbenefits.ca\/fr\/wp-json\/wp\/v2\/comments?post=4422"}],"version-history":[{"count":2,"href":"https:\/\/cbbenefits.ca\/fr\/wp-json\/wp\/v2\/pages\/4422\/revisions"}],"predecessor-version":[{"id":4453,"href":"https:\/\/cbbenefits.ca\/fr\/wp-json\/wp\/v2\/pages\/4422\/revisions\/4453"}],"up":[{"embeddable":true,"href":"https:\/\/cbbenefits.ca\/fr\/wp-json\/wp\/v2\/pages\/4351"}],"wp:attachment":[{"href":"https:\/\/cbbenefits.ca\/fr\/wp-json\/wp\/v2\/media?parent=4422"}],"curies":[{"name":"wp","href":"https:\/\/api.w.org\/{rel}","templated":true}]}}