{"id":4423,"date":"2024-09-28T00:06:20","date_gmt":"2024-09-28T04:06:20","guid":{"rendered":"https:\/\/cbbenefits.ca\/?page_id=4423"},"modified":"2024-09-28T00:29:47","modified_gmt":"2024-09-28T04:29:47","slug":"louanne-haugan","status":"publish","type":"page","link":"https:\/\/cbbenefits.ca\/fr\/gouvernance\/louanne-haugan\/","title":{"rendered":"Louanne Haugan"},"content":{"rendered":"  <div id=\"page-hero-block_a9258f3de70be1eff9c17e230d2ec395\" class=\"page-hero no-image\">\r\n    <div class=\"page-hero__container grey\" >\r\n      <div class=\"page-hero__image\">\r\n        <div class=\"page-hero__image__circle\">\r\n          <div class=\"page-hero__image__circle__bottom none\" style=\"background-image:url('')\"><\/div>\r\n        <\/div>\r\n      <\/div>\r\n      <div class=\"page-hero__wrapper\">\r\n        <div class=\"page-hero__breadcrumb\">\r\n          <h1>\r\n                          <a href=\"\/fr\/gouvernance\/\"><span class=\"page-hero__breadcrumb__parent\">Gouvernance<\/span><\/a> <span class=\"page-hero__breadcrumb__separator\">|<\/span>\r\n                        <span class=\"page-hero__breadcrumb__current\">\r\n                              Louanne Haugan                          <\/span>\r\n          <\/h1>\r\n        <\/div>\r\n      <\/div>\r\n    <\/div>\r\n  <\/div>\r\n\n\n\n<div class=\"wp-block-columns is-not-stacked-on-mobile member-single is-layout-flex wp-container-core-columns-is-layout-9d6595d7 wp-block-columns-is-layout-flex\">\n<div class=\"wp-block-column is-layout-flow wp-block-column-is-layout-flow\" style=\"flex-basis:33.33%\">\n<figure class=\"wp-block-image size-full is-style-rounded\"><img loading=\"lazy\" decoding=\"async\" width=\"1000\" height=\"1000\" src=\"\/wp-content\/uploads\/2024\/06\/cb-benefits-committee-member-louanne-haughn-1x1-1.jpg\" alt=\"\" class=\"wp-image-3724\" style=\"aspect-ratio:1;object-fit:cover\" title=\"\" srcset=\"\/wp-content\/uploads\/2024\/06\/cb-benefits-committee-member-louanne-haughn-1x1-1.jpg 1000w, \/wp-content\/uploads\/2024\/06\/cb-benefits-committee-member-louanne-haughn-1x1-1-300x300.jpg 300w, \/wp-content\/uploads\/2024\/06\/cb-benefits-committee-member-louanne-haughn-1x1-1-768x768.jpg 768w\" sizes=\"auto, (max-width: 1000px) 100vw, 1000px\" \/><\/figure>\n<\/div>\n\n\n\n<div class=\"wp-block-column is-layout-flow wp-block-column-is-layout-flow\" style=\"flex-basis:66.66%\">\n<h2 class=\"wp-block-heading has-large-font-size\"><strong><strong>Louanne Haugan<\/strong><\/strong><\/h2>\n\n\n\n<h4 class=\"wp-block-heading has-text-align-left has-medium-font-size\" style=\"font-style:normal;font-weight:500\">Directrice des communications et du d\u00e9veloppement (BCOC)<\/h4>\n\n\n\n<p><strong>Louanne Haugan<\/strong>, directrice des communications et du d\u00e9veloppement aupr\u00e8s des Baptistes canadiens de l\u2019Ouest du Canada (BCOC), occupe le r\u00f4le de coordonnatrice des avantages sociaux aupr\u00e8s de ses \u00e9glises depuis 2012, ann\u00e9e o\u00f9 elle s\u2019est jointe au Comit\u00e9 de retraite et d\u2019assurance. Mme Haugan poss\u00e8de une vaste exp\u00e9rience dans les industries des assurances et des placements, en plus d\u2019avoir assur\u00e9 un minist\u00e8re pendant 25 ans aupr\u00e8s de son mari dans des \u00e9glises des CBWC. Pour elle, c\u2019est un privil\u00e8ge de servir et de soutenir les participants aux r\u00e9gimes pendant toutes les \u00e9tapes de leur vie et de leur minist\u00e8re. Dans ses temps libres, Mme Haugan aime sauter sur la trampoline avec ses petits-enfants, frapper des balles de golf au terrain de pratique et s\u2019aventurer sur un lac glaciaire \u00e0 bord de sa planche \u00e0 pagaie.<\/p>\n<\/div>\n<\/div>\n","protected":false},"excerpt":{"rendered":"<p>Louanne Haugan Directrice des communications et du d\u00e9veloppement (BCOC) Louanne Haugan, directrice des communications et du d\u00e9veloppement aupr\u00e8s des Baptistes canadiens de l\u2019Ouest du Canada (BCOC), occupe le r\u00f4le de coordonnatrice des avantages sociaux aupr\u00e8s de ses \u00e9glises depuis 2012, ann\u00e9e o\u00f9 elle s\u2019est jointe au Comit\u00e9 de retraite et d\u2019assurance. Mme Haugan poss\u00e8de une [&hellip;]<\/p>\n","protected":false},"author":2,"featured_media":0,"parent":4351,"menu_order":1,"comment_status":"closed","ping_status":"closed","template":"page-template\/boxed-layout.php","meta":{"_acf_changed":false,"footnotes":""},"class_list":["post-4423","page","type-page","status-publish","hentry"],"acf":[],"_links":{"self":[{"href":"https:\/\/cbbenefits.ca\/fr\/wp-json\/wp\/v2\/pages\/4423","targetHints":{"allow":["GET"]}}],"collection":[{"href":"https:\/\/cbbenefits.ca\/fr\/wp-json\/wp\/v2\/pages"}],"about":[{"href":"https:\/\/cbbenefits.ca\/fr\/wp-json\/wp\/v2\/types\/page"}],"author":[{"embeddable":true,"href":"https:\/\/cbbenefits.ca\/fr\/wp-json\/wp\/v2\/users\/2"}],"replies":[{"embeddable":true,"href":"https:\/\/cbbenefits.ca\/fr\/wp-json\/wp\/v2\/comments?post=4423"}],"version-history":[{"count":2,"href":"https:\/\/cbbenefits.ca\/fr\/wp-json\/wp\/v2\/pages\/4423\/revisions"}],"predecessor-version":[{"id":4454,"href":"https:\/\/cbbenefits.ca\/fr\/wp-json\/wp\/v2\/pages\/4423\/revisions\/4454"}],"up":[{"embeddable":true,"href":"https:\/\/cbbenefits.ca\/fr\/wp-json\/wp\/v2\/pages\/4351"}],"wp:attachment":[{"href":"https:\/\/cbbenefits.ca\/fr\/wp-json\/wp\/v2\/media?parent=4423"}],"curies":[{"name":"wp","href":"https:\/\/api.w.org\/{rel}","templated":true}]}}