{"id":4424,"date":"2024-09-28T00:07:42","date_gmt":"2024-09-28T04:07:42","guid":{"rendered":"https:\/\/cbbenefits.ca\/?page_id=4424"},"modified":"2024-09-28T00:07:44","modified_gmt":"2024-09-28T04:07:44","slug":"loyda-sinanan","status":"publish","type":"page","link":"https:\/\/cbbenefits.ca\/fr\/gouvernance\/loyda-sinanan\/","title":{"rendered":"Loyda Sinanan"},"content":{"rendered":"  <div id=\"page-hero-block_a0e7a49e509166fcec4a71ac4abcfaba\" class=\"page-hero no-image\">\r\n    <div class=\"page-hero__container grey\" >\r\n      <div class=\"page-hero__image\">\r\n        <div class=\"page-hero__image__circle\">\r\n          <div class=\"page-hero__image__circle__bottom none\" style=\"background-image:url('')\"><\/div>\r\n        <\/div>\r\n      <\/div>\r\n      <div class=\"page-hero__wrapper\">\r\n        <div class=\"page-hero__breadcrumb\">\r\n          <h1>\r\n                          <a href=\"\/fr\/gouvernance\/\"><span class=\"page-hero__breadcrumb__parent\">Gouvernance<\/span><\/a> <span class=\"page-hero__breadcrumb__separator\">|<\/span>\r\n                        <span class=\"page-hero__breadcrumb__current\">\r\n                              Loyda Sinanan                          <\/span>\r\n          <\/h1>\r\n        <\/div>\r\n      <\/div>\r\n    <\/div>\r\n  <\/div>\r\n\n\n\n<div class=\"wp-block-columns is-not-stacked-on-mobile member-single is-layout-flex wp-container-core-columns-is-layout-9d6595d7 wp-block-columns-is-layout-flex\">\n<div class=\"wp-block-column is-layout-flow wp-block-column-is-layout-flow\" style=\"flex-basis:33.33%\">\n<figure class=\"wp-block-image size-full is-style-rounded\"><img loading=\"lazy\" decoding=\"async\" width=\"1000\" height=\"1000\" src=\"\/wp-content\/uploads\/2024\/06\/cb-benefits-committee-member-loyda-sinanan-1x1-1.jpg\" alt=\"\" class=\"wp-image-3726\" style=\"aspect-ratio:1;object-fit:cover\" title=\"\" srcset=\"\/wp-content\/uploads\/2024\/06\/cb-benefits-committee-member-loyda-sinanan-1x1-1.jpg 1000w, \/wp-content\/uploads\/2024\/06\/cb-benefits-committee-member-loyda-sinanan-1x1-1-300x300.jpg 300w, \/wp-content\/uploads\/2024\/06\/cb-benefits-committee-member-loyda-sinanan-1x1-1-768x768.jpg 768w\" sizes=\"auto, (max-width: 1000px) 100vw, 1000px\" \/><\/figure>\n<\/div>\n\n\n\n<div class=\"wp-block-column is-layout-flow wp-block-column-is-layout-flow\" style=\"flex-basis:66.66%\">\n<h2 class=\"wp-block-heading has-large-font-size\"><strong><strong>Loyda Sinanan<\/strong><\/strong><\/h2>\n\n\n\n<h4 class=\"wp-block-heading has-text-align-left has-medium-font-size\" style=\"font-style:normal;font-weight:500\">Gestionnaire des rentes et des avantages sociaux (MBC)<\/h4>\n\n\n\n<p><strong>Loyda Sinanan<\/strong> est, depuis 2019, gestionnaire des rentes et des avantages sociaux aupr\u00e8s des Minist\u00e8res baptistes canadiens (MBC), o\u00f9 elle supervise l\u2019administration du R\u00e9gime de retraite Baptiste canadien et du R\u00e9gime d\u2019avantages sociaux Baptiste canadien (BC Avantages). D\u00e9tenant un baccalaur\u00e9at \u00e8s arts et des accr\u00e9ditations sp\u00e9cialis\u00e9es en administration des r\u00e9gimes de retraite et en ressources humaines, elle a accumul\u00e9 plus de deux d\u00e9cennies d\u2019exp\u00e9rience dans le domaine de la gestion des rentes et des avantages sociaux. \u00c0 l\u2019ext\u00e9rieur du travail, Mme Sinanan est une lectrice passionn\u00e9e et friande de bonne bouffe. Elle et son conjoint, Darryl, ont deux enfants, Elijah et Elena, qui partagent la passion de leurs parents pour le hockey et les sports en g\u00e9n\u00e9ral.<\/p>\n<\/div>\n<\/div>\n","protected":false},"excerpt":{"rendered":"<p>Loyda Sinanan Gestionnaire des rentes et des avantages sociaux (MBC) Loyda Sinanan est, depuis 2019, gestionnaire des rentes et des avantages sociaux aupr\u00e8s des Minist\u00e8res baptistes canadiens (MBC), o\u00f9 elle supervise l\u2019administration du R\u00e9gime de retraite Baptiste canadien et du R\u00e9gime d\u2019avantages sociaux Baptiste canadien (BC Avantages). D\u00e9tenant un baccalaur\u00e9at \u00e8s arts et des accr\u00e9ditations [&hellip;]<\/p>\n","protected":false},"author":2,"featured_media":0,"parent":4351,"menu_order":1,"comment_status":"closed","ping_status":"closed","template":"page-template\/boxed-layout.php","meta":{"_acf_changed":false,"footnotes":""},"class_list":["post-4424","page","type-page","status-publish","hentry"],"acf":[],"_links":{"self":[{"href":"https:\/\/cbbenefits.ca\/fr\/wp-json\/wp\/v2\/pages\/4424","targetHints":{"allow":["GET"]}}],"collection":[{"href":"https:\/\/cbbenefits.ca\/fr\/wp-json\/wp\/v2\/pages"}],"about":[{"href":"https:\/\/cbbenefits.ca\/fr\/wp-json\/wp\/v2\/types\/page"}],"author":[{"embeddable":true,"href":"https:\/\/cbbenefits.ca\/fr\/wp-json\/wp\/v2\/users\/2"}],"replies":[{"embeddable":true,"href":"https:\/\/cbbenefits.ca\/fr\/wp-json\/wp\/v2\/comments?post=4424"}],"version-history":[{"count":2,"href":"https:\/\/cbbenefits.ca\/fr\/wp-json\/wp\/v2\/pages\/4424\/revisions"}],"predecessor-version":[{"id":4440,"href":"https:\/\/cbbenefits.ca\/fr\/wp-json\/wp\/v2\/pages\/4424\/revisions\/4440"}],"up":[{"embeddable":true,"href":"https:\/\/cbbenefits.ca\/fr\/wp-json\/wp\/v2\/pages\/4351"}],"wp:attachment":[{"href":"https:\/\/cbbenefits.ca\/fr\/wp-json\/wp\/v2\/media?parent=4424"}],"curies":[{"name":"wp","href":"https:\/\/api.w.org\/{rel}","templated":true}]}}