{"id":4425,"date":"2024-09-28T00:08:58","date_gmt":"2024-09-28T04:08:58","guid":{"rendered":"https:\/\/cbbenefits.ca\/?page_id=4425"},"modified":"2026-01-09T11:49:51","modified_gmt":"2026-01-09T16:49:51","slug":"terry-atkinson","status":"publish","type":"page","link":"https:\/\/cbbenefits.ca\/fr\/gouvernance\/terry-atkinson\/","title":{"rendered":"R\u00e9v. Dr. Terry Atkinson"},"content":{"rendered":"  <div id=\"page-hero-block_3b62b9f15301c78e00760525694e9ac7\" class=\"page-hero no-image\">\r\n    <div class=\"page-hero__container grey\" >\r\n      <div class=\"page-hero__image\">\r\n        <div class=\"page-hero__image__circle\">\r\n          <div class=\"page-hero__image__circle__bottom none\" style=\"background-image:url('')\"><\/div>\r\n        <\/div>\r\n      <\/div>\r\n      <div class=\"page-hero__wrapper\">\r\n        <div class=\"page-hero__breadcrumb\">\r\n          <h1>\r\n                          <a href=\"\/fr\/gouvernance\/\"><span class=\"page-hero__breadcrumb__parent\">Gouvernance<\/span><\/a> <span class=\"page-hero__breadcrumb__separator\">|<\/span>\r\n                        <span class=\"page-hero__breadcrumb__current\">\r\n                              R\u00e9v. Dr. Terry Atkinson                          <\/span>\r\n          <\/h1>\r\n        <\/div>\r\n      <\/div>\r\n    <\/div>\r\n  <\/div>\r\n\n\n\n<div class=\"wp-block-columns is-not-stacked-on-mobile member-single is-layout-flex wp-container-core-columns-is-layout-9d6595d7 wp-block-columns-is-layout-flex\">\n<div class=\"wp-block-column is-layout-flow wp-block-column-is-layout-flow\" style=\"flex-basis:33.33%\">\n<figure class=\"wp-block-image size-large is-style-rounded\"><img decoding=\"async\" src=\"\/wp-content\/uploads\/2026\/01\/cb-benefits-committee-member-terry-atkinson-1x1-1.jpg\" alt=\"\" style=\"aspect-ratio:1;object-fit:cover\" title=\"\"\/><\/figure>\n<\/div>\n\n\n\n<div class=\"wp-block-column is-layout-flow wp-block-column-is-layout-flow\" style=\"flex-basis:66.66%\">\n<h2 class=\"wp-block-heading has-large-font-size\"><strong><strong>R\u00e9v. Dr. Terry Atkinson<\/strong><\/strong><\/h2>\n\n\n\n<h4 class=\"wp-block-heading has-text-align-left has-medium-font-size\" style=\"font-style:normal;font-weight:500\">Membre de le Comit\u00e9<\/h4>\n\n\n\n<p>Le <strong>R\u00e9v. Dr. Terry Atkinson<\/strong> a grandi \u00e0 proximit\u00e9 de Moncton, au Nouveau-Brunswick. Avant de r\u00e9pondre \u00e0 l\u2019appel du minist\u00e8re, il a exerc\u00e9 la profession de travailleur social pendant dix ans. Par la suite, il a consacr\u00e9 35 ann\u00e9es au service pastoral, dirigeant quatre \u00e9glises dans les Maritimes et une en Ontario. Mari\u00e9 \u00e0 Brenda depuis 53 ans, ils sont les heureux parents de deux enfants et grands-parents de six petits-enfants. Terry a si\u00e9g\u00e9 au conseil d\u2019administration de l\u2019Universit\u00e9 Crandall ainsi qu\u2019au conseil des Baptistes Canadiens de l\u2019Atlantique (CBAC). Il a \u00e9galement particip\u00e9 \u00e0 deux voyages missionnaires avec les Minist\u00e8res Baptistes Canadiens : l\u2019un en Europe de l\u2019Est et l\u2019autre en Afrique. Passionn\u00e9 de sport, Terry appr\u00e9cie les promenades avec Brenda et, ensemble, ils aiment voyager, particuli\u00e8rement en Ontario et en Alberta, afin de passer du temps en famille.<\/p>\n<\/div>\n<\/div>\n","protected":false},"excerpt":{"rendered":"<p>R\u00e9v. Dr. Terry Atkinson Membre de le Comit\u00e9 Le R\u00e9v. Dr. Terry Atkinson a grandi \u00e0 proximit\u00e9 de Moncton, au Nouveau-Brunswick. Avant de r\u00e9pondre \u00e0 l\u2019appel du minist\u00e8re, il a exerc\u00e9 la profession de travailleur social pendant dix ans. Par la suite, il a consacr\u00e9 35 ann\u00e9es au service pastoral, dirigeant quatre \u00e9glises dans les [&hellip;]<\/p>\n","protected":false},"author":2,"featured_media":0,"parent":4351,"menu_order":1,"comment_status":"closed","ping_status":"closed","template":"page-template\/boxed-layout.php","meta":{"_acf_changed":false,"footnotes":""},"class_list":["post-4425","page","type-page","status-publish","hentry"],"acf":[],"_links":{"self":[{"href":"https:\/\/cbbenefits.ca\/fr\/wp-json\/wp\/v2\/pages\/4425","targetHints":{"allow":["GET"]}}],"collection":[{"href":"https:\/\/cbbenefits.ca\/fr\/wp-json\/wp\/v2\/pages"}],"about":[{"href":"https:\/\/cbbenefits.ca\/fr\/wp-json\/wp\/v2\/types\/page"}],"author":[{"embeddable":true,"href":"https:\/\/cbbenefits.ca\/fr\/wp-json\/wp\/v2\/users\/2"}],"replies":[{"embeddable":true,"href":"https:\/\/cbbenefits.ca\/fr\/wp-json\/wp\/v2\/comments?post=4425"}],"version-history":[{"count":4,"href":"https:\/\/cbbenefits.ca\/fr\/wp-json\/wp\/v2\/pages\/4425\/revisions"}],"predecessor-version":[{"id":5339,"href":"https:\/\/cbbenefits.ca\/fr\/wp-json\/wp\/v2\/pages\/4425\/revisions\/5339"}],"up":[{"embeddable":true,"href":"https:\/\/cbbenefits.ca\/fr\/wp-json\/wp\/v2\/pages\/4351"}],"wp:attachment":[{"href":"https:\/\/cbbenefits.ca\/fr\/wp-json\/wp\/v2\/media?parent=4425"}],"curies":[{"name":"wp","href":"https:\/\/api.w.org\/{rel}","templated":true}]}}