{"id":4427,"date":"2024-09-28T00:23:46","date_gmt":"2024-09-28T04:23:46","guid":{"rendered":"https:\/\/cbbenefits.ca\/?page_id=4427"},"modified":"2024-09-28T00:25:10","modified_gmt":"2024-09-28T04:25:10","slug":"richard-currie","status":"publish","type":"page","link":"https:\/\/cbbenefits.ca\/fr\/gouvernance\/richard-currie\/","title":{"rendered":"Richard Currie"},"content":{"rendered":"  <div id=\"page-hero-block_9d119eb8f57483e49a169382787cbf55\" class=\"page-hero no-image\">\r\n    <div class=\"page-hero__container grey\" >\r\n      <div class=\"page-hero__image\">\r\n        <div class=\"page-hero__image__circle\">\r\n          <div class=\"page-hero__image__circle__bottom none\" style=\"background-image:url('')\"><\/div>\r\n        <\/div>\r\n      <\/div>\r\n      <div class=\"page-hero__wrapper\">\r\n        <div class=\"page-hero__breadcrumb\">\r\n          <h1>\r\n                          <a href=\"\/fr\/gouvernance\/\"><span class=\"page-hero__breadcrumb__parent\">Gouvernance<\/span><\/a> <span class=\"page-hero__breadcrumb__separator\">|<\/span>\r\n                        <span class=\"page-hero__breadcrumb__current\">\r\n                              Richard Currie                          <\/span>\r\n          <\/h1>\r\n        <\/div>\r\n      <\/div>\r\n    <\/div>\r\n  <\/div>\r\n\n\n\n<div class=\"wp-block-columns member-single is-layout-flex wp-container-core-columns-is-layout-9d6595d7 wp-block-columns-is-layout-flex\">\n<div class=\"wp-block-column is-layout-flow wp-block-column-is-layout-flow\" style=\"flex-basis:33.33%\">\n<figure class=\"wp-block-image size-full is-style-rounded\"><img loading=\"lazy\" decoding=\"async\" width=\"1000\" height=\"1000\" src=\"\/wp-content\/uploads\/2024\/06\/cb-benefits-committee-member-richard-currie-1x1-1.jpg\" alt=\"\" class=\"wp-image-3732\" style=\"aspect-ratio:1;object-fit:cover\" title=\"\" srcset=\"\/wp-content\/uploads\/2024\/06\/cb-benefits-committee-member-richard-currie-1x1-1.jpg 1000w, \/wp-content\/uploads\/2024\/06\/cb-benefits-committee-member-richard-currie-1x1-1-300x300.jpg 300w, \/wp-content\/uploads\/2024\/06\/cb-benefits-committee-member-richard-currie-1x1-1-768x768.jpg 768w\" sizes=\"auto, (max-width: 1000px) 100vw, 1000px\" \/><\/figure>\n<\/div>\n\n\n\n<div class=\"wp-block-column is-layout-flow wp-block-column-is-layout-flow\" style=\"flex-basis:66.66%\">\n<h2 class=\"wp-block-heading has-large-font-size\">Richard Currie<\/h2>\n\n\n\n<h4 class=\"wp-block-heading has-text-align-left has-medium-font-size\" style=\"font-style:normal;font-weight:500\">Membre de le Comit\u00e9<\/h4>\n\n\n\n<p><strong>Richard Currie<\/strong>, qui habite \u00e0 Duncan, en Colombie-Britannique, fr\u00e9quente l\u2019\u00e9glise Newlife de cette ville. Avant de prendre sa retraite en 2018, il \u00e9tait vice-pr\u00e9sident des finances et de l\u2019exploitation \u00e0 l\u2019Universit\u00e9 Concordia d\u2019Edmonton, r\u00f4le qu\u2019il remplit depuis 2009. M. Currie a consacr\u00e9 la majeure partie de sa carri\u00e8re \u00e0 la gestion de l\u2019exploitation d\u2019organisations \u00e0 but non lucratif, ayant occup\u00e9 des postes sup\u00e9rieurs en administration dans le domaine des soins de sant\u00e9 et aupr\u00e8s d\u2019\u00e9tablissements d\u2019enseignement avanc\u00e9. De plus, il a acquis une exp\u00e9rience interculturelle en tant qu\u2019administrateur d\u2019un h\u00f4pital missionnaire rural dans l\u2019extr\u00eame ouest du N\u00e9pal pendant plusieurs ann\u00e9es. M. Currie a aussi r\u00e9alis\u00e9 un travail b\u00e9n\u00e9vole consid\u00e9rable en aidant les r\u00e9fugi\u00e9s du Bhoutan et de la Syrie \u00e0 s\u2019installer au Canada. De plus, il est \u00e9galement, \u00e0 titre b\u00e9n\u00e9vole, pr\u00e9sident de la <em>Cowichan Valley Basket Society<\/em>, tr\u00e9sorier de la <em>Stonewood Village Strata Association<\/em> et membre du conseil des Baptistes canadiens de l\u2019Ouest du Canada (BCOC). Il d\u00e9tient toujours sa d\u00e9signation de CPA (Alberta), en plus d\u2019une ma\u00eetrise en administration des services de sant\u00e9 de l\u2019Universit\u00e9 de l\u2019Alberta.<\/p>\n<\/div>\n<\/div>\n","protected":false},"excerpt":{"rendered":"<p>Richard Currie Membre de le Comit\u00e9 Richard Currie, qui habite \u00e0 Duncan, en Colombie-Britannique, fr\u00e9quente l\u2019\u00e9glise Newlife de cette ville. Avant de prendre sa retraite en 2018, il \u00e9tait vice-pr\u00e9sident des finances et de l\u2019exploitation \u00e0 l\u2019Universit\u00e9 Concordia d\u2019Edmonton, r\u00f4le qu\u2019il remplit depuis 2009. M. Currie a consacr\u00e9 la majeure partie de sa carri\u00e8re \u00e0 [&hellip;]<\/p>\n","protected":false},"author":2,"featured_media":0,"parent":4351,"menu_order":1,"comment_status":"closed","ping_status":"closed","template":"page-template\/boxed-layout.php","meta":{"_acf_changed":false,"footnotes":""},"class_list":["post-4427","page","type-page","status-publish","hentry"],"acf":[],"_links":{"self":[{"href":"https:\/\/cbbenefits.ca\/fr\/wp-json\/wp\/v2\/pages\/4427","targetHints":{"allow":["GET"]}}],"collection":[{"href":"https:\/\/cbbenefits.ca\/fr\/wp-json\/wp\/v2\/pages"}],"about":[{"href":"https:\/\/cbbenefits.ca\/fr\/wp-json\/wp\/v2\/types\/page"}],"author":[{"embeddable":true,"href":"https:\/\/cbbenefits.ca\/fr\/wp-json\/wp\/v2\/users\/2"}],"replies":[{"embeddable":true,"href":"https:\/\/cbbenefits.ca\/fr\/wp-json\/wp\/v2\/comments?post=4427"}],"version-history":[{"count":2,"href":"https:\/\/cbbenefits.ca\/fr\/wp-json\/wp\/v2\/pages\/4427\/revisions"}],"predecessor-version":[{"id":4450,"href":"https:\/\/cbbenefits.ca\/fr\/wp-json\/wp\/v2\/pages\/4427\/revisions\/4450"}],"up":[{"embeddable":true,"href":"https:\/\/cbbenefits.ca\/fr\/wp-json\/wp\/v2\/pages\/4351"}],"wp:attachment":[{"href":"https:\/\/cbbenefits.ca\/fr\/wp-json\/wp\/v2\/media?parent=4427"}],"curies":[{"name":"wp","href":"https:\/\/api.w.org\/{rel}","templated":true}]}}