{"id":4428,"date":"2024-09-28T00:16:11","date_gmt":"2024-09-28T04:16:11","guid":{"rendered":"https:\/\/cbbenefits.ca\/?page_id=4428"},"modified":"2024-09-28T00:16:13","modified_gmt":"2024-09-28T04:16:13","slug":"rob-jackett","status":"publish","type":"page","link":"https:\/\/cbbenefits.ca\/fr\/gouvernance\/rob-jackett\/","title":{"rendered":"Rob Jackett"},"content":{"rendered":"  <div id=\"page-hero-block_907804b85394d3b2573004367b54b6eb\" class=\"page-hero no-image\">\r\n    <div class=\"page-hero__container grey\" >\r\n      <div class=\"page-hero__image\">\r\n        <div class=\"page-hero__image__circle\">\r\n          <div class=\"page-hero__image__circle__bottom none\" style=\"background-image:url('')\"><\/div>\r\n        <\/div>\r\n      <\/div>\r\n      <div class=\"page-hero__wrapper\">\r\n        <div class=\"page-hero__breadcrumb\">\r\n          <h1>\r\n                          <a href=\"\/fr\/gouvernance\/\"><span class=\"page-hero__breadcrumb__parent\">Gouvernance<\/span><\/a> <span class=\"page-hero__breadcrumb__separator\">|<\/span>\r\n                        <span class=\"page-hero__breadcrumb__current\">\r\n                              Rob Jackett                          <\/span>\r\n          <\/h1>\r\n        <\/div>\r\n      <\/div>\r\n    <\/div>\r\n  <\/div>\r\n\n\n\n<div class=\"wp-block-columns is-not-stacked-on-mobile member-single is-layout-flex wp-container-core-columns-is-layout-9d6595d7 wp-block-columns-is-layout-flex\">\n<div class=\"wp-block-column is-layout-flow wp-block-column-is-layout-flow\" style=\"flex-basis:33.33%\">\n<figure class=\"wp-block-image size-full is-style-rounded\"><img loading=\"lazy\" decoding=\"async\" width=\"1000\" height=\"1000\" src=\"\/wp-content\/uploads\/2024\/06\/cb-benefits-committee-member-robert-jackett-1x1-1.jpg\" alt=\"\" class=\"wp-image-3734\" style=\"aspect-ratio:1;object-fit:cover\" title=\"\" srcset=\"\/wp-content\/uploads\/2024\/06\/cb-benefits-committee-member-robert-jackett-1x1-1.jpg 1000w, \/wp-content\/uploads\/2024\/06\/cb-benefits-committee-member-robert-jackett-1x1-1-300x300.jpg 300w, \/wp-content\/uploads\/2024\/06\/cb-benefits-committee-member-robert-jackett-1x1-1-768x768.jpg 768w\" sizes=\"auto, (max-width: 1000px) 100vw, 1000px\" \/><\/figure>\n<\/div>\n\n\n\n<div class=\"wp-block-column is-layout-flow wp-block-column-is-layout-flow\" style=\"flex-basis:66.66%\">\n<h2 class=\"wp-block-heading has-large-font-size\"><strong><strong>Rob Jackett<\/strong><\/strong><\/h2>\n\n\n\n<h4 class=\"wp-block-heading has-text-align-left has-medium-font-size\" style=\"font-style:normal;font-weight:500\">Directeur principal des finances et de l\u2019administration (MBC)<\/h4>\n\n\n\n<p><strong>Rob Jackett<\/strong> est actuellement directeur principal des finances et de l\u2019administration des Minist\u00e8res baptistes canadiens (MBC). \u00c0 ce titre, il est responsable de la supervision du budget op\u00e9rationnel des MBC, des placements et des r\u00e9gimes de retraite et d\u2019avantages sociaux nationaux du Canada, et il offre son leadership aux r\u00e9seaux de partenaires canadiens et internationaux des MBC dans les domaines de la gestion financi\u00e8re et des syst\u00e8mes. Avant de se joindre aux MBC en 2008, M. Jackett a occup\u00e9 des r\u00f4les de haute direction dans l\u2019industrie des produits forestiers. Il d\u00e9tient un dipl\u00f4me en finances et une MBA en marketing de l\u2019Universit\u00e9 McMaster et une certification ex\u00e9cutive en gestion strat\u00e9gique de l\u2019Universit\u00e9 Queen\u2019s. Sa conjointe, Erla, est directrice g\u00e9n\u00e9rale et membre associ\u00e9e de la facult\u00e9 d\u2019\u00e9ducation de l\u2019Universit\u00e9 de Toronto. Ils ont deux enfants adultes. M. Jackett a beaucoup voyag\u00e9 pour aider les partenaires mondiaux des MBC \u00e0 renforcer leurs capacit\u00e9s et, dans ses temps libres, il aime faire du v\u00e9lo et s\u2019adonner \u00e0 de nombreuses autres activit\u00e9s en plein air.<\/p>\n<\/div>\n<\/div>\n","protected":false},"excerpt":{"rendered":"<p>Rob Jackett Directeur principal des finances et de l\u2019administration (MBC) Rob Jackett est actuellement directeur principal des finances et de l\u2019administration des Minist\u00e8res baptistes canadiens (MBC). \u00c0 ce titre, il est responsable de la supervision du budget op\u00e9rationnel des MBC, des placements et des r\u00e9gimes de retraite et d\u2019avantages sociaux nationaux du Canada, et il [&hellip;]<\/p>\n","protected":false},"author":2,"featured_media":0,"parent":4351,"menu_order":1,"comment_status":"closed","ping_status":"closed","template":"page-template\/boxed-layout.php","meta":{"_acf_changed":false,"footnotes":""},"class_list":["post-4428","page","type-page","status-publish","hentry"],"acf":[],"_links":{"self":[{"href":"https:\/\/cbbenefits.ca\/fr\/wp-json\/wp\/v2\/pages\/4428","targetHints":{"allow":["GET"]}}],"collection":[{"href":"https:\/\/cbbenefits.ca\/fr\/wp-json\/wp\/v2\/pages"}],"about":[{"href":"https:\/\/cbbenefits.ca\/fr\/wp-json\/wp\/v2\/types\/page"}],"author":[{"embeddable":true,"href":"https:\/\/cbbenefits.ca\/fr\/wp-json\/wp\/v2\/users\/2"}],"replies":[{"embeddable":true,"href":"https:\/\/cbbenefits.ca\/fr\/wp-json\/wp\/v2\/comments?post=4428"}],"version-history":[{"count":1,"href":"https:\/\/cbbenefits.ca\/fr\/wp-json\/wp\/v2\/pages\/4428\/revisions"}],"predecessor-version":[{"id":4444,"href":"https:\/\/cbbenefits.ca\/fr\/wp-json\/wp\/v2\/pages\/4428\/revisions\/4444"}],"up":[{"embeddable":true,"href":"https:\/\/cbbenefits.ca\/fr\/wp-json\/wp\/v2\/pages\/4351"}],"wp:attachment":[{"href":"https:\/\/cbbenefits.ca\/fr\/wp-json\/wp\/v2\/media?parent=4428"}],"curies":[{"name":"wp","href":"https:\/\/api.w.org\/{rel}","templated":true}]}}