{"id":4429,"date":"2024-09-28T00:17:34","date_gmt":"2024-09-28T04:17:34","guid":{"rendered":"https:\/\/cbbenefits.ca\/?page_id=4429"},"modified":"2024-09-28T00:17:36","modified_gmt":"2024-09-28T04:17:36","slug":"robin-clark","status":"publish","type":"page","link":"https:\/\/cbbenefits.ca\/fr\/gouvernance\/robin-clark\/","title":{"rendered":"Robin Clark"},"content":{"rendered":"  <div id=\"page-hero-block_ec4c4e99500c4a86d80788fdf1738715\" class=\"page-hero no-image\">\r\n    <div class=\"page-hero__container grey\" >\r\n      <div class=\"page-hero__image\">\r\n        <div class=\"page-hero__image__circle\">\r\n          <div class=\"page-hero__image__circle__bottom none\" style=\"background-image:url('')\"><\/div>\r\n        <\/div>\r\n      <\/div>\r\n      <div class=\"page-hero__wrapper\">\r\n        <div class=\"page-hero__breadcrumb\">\r\n          <h1>\r\n                          <a href=\"\/fr\/gouvernance\/\"><span class=\"page-hero__breadcrumb__parent\">Gouvernance<\/span><\/a> <span class=\"page-hero__breadcrumb__separator\">|<\/span>\r\n                        <span class=\"page-hero__breadcrumb__current\">\r\n                              Robin Clark                          <\/span>\r\n          <\/h1>\r\n        <\/div>\r\n      <\/div>\r\n    <\/div>\r\n  <\/div>\r\n\n\n\n<div class=\"wp-block-columns is-not-stacked-on-mobile member-single is-layout-flex wp-container-core-columns-is-layout-9d6595d7 wp-block-columns-is-layout-flex\">\n<div class=\"wp-block-column is-layout-flow wp-block-column-is-layout-flow\" style=\"flex-basis:33.33%\">\n<figure class=\"wp-block-image size-full is-style-rounded\"><img loading=\"lazy\" decoding=\"async\" width=\"1000\" height=\"1000\" src=\"\/wp-content\/uploads\/2024\/06\/cb-benefits-committee-member-robin-clark-1x1-1.jpg\" alt=\"\" class=\"wp-image-3736\" style=\"aspect-ratio:1;object-fit:cover\" title=\"\" srcset=\"\/wp-content\/uploads\/2024\/06\/cb-benefits-committee-member-robin-clark-1x1-1.jpg 1000w, \/wp-content\/uploads\/2024\/06\/cb-benefits-committee-member-robin-clark-1x1-1-300x300.jpg 300w, \/wp-content\/uploads\/2024\/06\/cb-benefits-committee-member-robin-clark-1x1-1-768x768.jpg 768w\" sizes=\"auto, (max-width: 1000px) 100vw, 1000px\" \/><\/figure>\n<\/div>\n\n\n\n<div class=\"wp-block-column is-layout-flow wp-block-column-is-layout-flow\" style=\"flex-basis:66.66%\">\n<h2 class=\"wp-block-heading has-large-font-size\"><strong><strong>Robin Clark<\/strong><\/strong><\/h2>\n\n\n\n<h4 class=\"wp-block-heading has-text-align-left has-medium-font-size\" style=\"font-style:normal;font-weight:500\">Directrice de l\u2019exploitation et des ressources humaines\u00a0(MBC)<\/h4>\n\n\n\n<p><strong>Robin Clark<\/strong> est directrice de l\u2019exploitation et des ressources humaines aupr\u00e8s des Minist\u00e8res baptistes canadiens (MBC). Forte de plus de 15 ans d\u2019exp\u00e9rience en RH dans le secteur de la bienfaisance, Mme Clark est tr\u00e8s d\u00e9vou\u00e9e envers son r\u00f4le. Elle contribue aux activit\u00e9s du Comit\u00e9 de retraite et d\u2019avantages sociaux depuis 2019 et d\u00e9tient un dipl\u00f4me en gestion des affaires de l\u2019Universit\u00e9 Crandall.<\/p>\n<\/div>\n<\/div>\n","protected":false},"excerpt":{"rendered":"<p>Robin Clark Directrice de l\u2019exploitation et des ressources humaines\u00a0(MBC) Robin Clark est directrice de l\u2019exploitation et des ressources humaines aupr\u00e8s des Minist\u00e8res baptistes canadiens (MBC). Forte de plus de 15 ans d\u2019exp\u00e9rience en RH dans le secteur de la bienfaisance, Mme Clark est tr\u00e8s d\u00e9vou\u00e9e envers son r\u00f4le. Elle contribue aux activit\u00e9s du Comit\u00e9 de [&hellip;]<\/p>\n","protected":false},"author":2,"featured_media":0,"parent":4351,"menu_order":1,"comment_status":"closed","ping_status":"closed","template":"page-template\/boxed-layout.php","meta":{"_acf_changed":false,"footnotes":""},"class_list":["post-4429","page","type-page","status-publish","hentry"],"acf":[],"_links":{"self":[{"href":"https:\/\/cbbenefits.ca\/fr\/wp-json\/wp\/v2\/pages\/4429","targetHints":{"allow":["GET"]}}],"collection":[{"href":"https:\/\/cbbenefits.ca\/fr\/wp-json\/wp\/v2\/pages"}],"about":[{"href":"https:\/\/cbbenefits.ca\/fr\/wp-json\/wp\/v2\/types\/page"}],"author":[{"embeddable":true,"href":"https:\/\/cbbenefits.ca\/fr\/wp-json\/wp\/v2\/users\/2"}],"replies":[{"embeddable":true,"href":"https:\/\/cbbenefits.ca\/fr\/wp-json\/wp\/v2\/comments?post=4429"}],"version-history":[{"count":1,"href":"https:\/\/cbbenefits.ca\/fr\/wp-json\/wp\/v2\/pages\/4429\/revisions"}],"predecessor-version":[{"id":4445,"href":"https:\/\/cbbenefits.ca\/fr\/wp-json\/wp\/v2\/pages\/4429\/revisions\/4445"}],"up":[{"embeddable":true,"href":"https:\/\/cbbenefits.ca\/fr\/wp-json\/wp\/v2\/pages\/4351"}],"wp:attachment":[{"href":"https:\/\/cbbenefits.ca\/fr\/wp-json\/wp\/v2\/media?parent=4429"}],"curies":[{"name":"wp","href":"https:\/\/api.w.org\/{rel}","templated":true}]}}