{"id":4430,"date":"2024-09-28T00:19:02","date_gmt":"2024-09-28T04:19:02","guid":{"rendered":"https:\/\/cbbenefits.ca\/?page_id=4430"},"modified":"2024-09-28T00:31:15","modified_gmt":"2024-09-28T04:31:15","slug":"victor-ku","status":"publish","type":"page","link":"https:\/\/cbbenefits.ca\/fr\/gouvernance\/victor-ku\/","title":{"rendered":"Victor Ku"},"content":{"rendered":"  <div id=\"page-hero-block_ebf90eb0e611e696da2a273a35f8cf54\" class=\"page-hero no-image\">\r\n    <div class=\"page-hero__container grey\" >\r\n      <div class=\"page-hero__image\">\r\n        <div class=\"page-hero__image__circle\">\r\n          <div class=\"page-hero__image__circle__bottom none\" style=\"background-image:url('')\"><\/div>\r\n        <\/div>\r\n      <\/div>\r\n      <div class=\"page-hero__wrapper\">\r\n        <div class=\"page-hero__breadcrumb\">\r\n          <h1>\r\n                          <a href=\"\/fr\/gouvernance\/\"><span class=\"page-hero__breadcrumb__parent\">Gouvernance<\/span><\/a> <span class=\"page-hero__breadcrumb__separator\">|<\/span>\r\n                        <span class=\"page-hero__breadcrumb__current\">\r\n                              Victor Ku                          <\/span>\r\n          <\/h1>\r\n        <\/div>\r\n      <\/div>\r\n    <\/div>\r\n  <\/div>\r\n\n\n\n<div class=\"wp-block-columns is-not-stacked-on-mobile member-single is-layout-flex wp-container-core-columns-is-layout-9d6595d7 wp-block-columns-is-layout-flex\">\n<div class=\"wp-block-column is-layout-flow wp-block-column-is-layout-flow\" style=\"flex-basis:33.33%\">\n<figure class=\"wp-block-image size-full is-style-rounded\"><img loading=\"lazy\" decoding=\"async\" width=\"1000\" height=\"1000\" src=\"\/wp-content\/uploads\/2024\/06\/cb-benefits-committee-member-victor-ku-1x1-1.jpg\" alt=\"\" class=\"wp-image-3738\" style=\"aspect-ratio:1;object-fit:cover\" title=\"\" srcset=\"\/wp-content\/uploads\/2024\/06\/cb-benefits-committee-member-victor-ku-1x1-1.jpg 1000w, \/wp-content\/uploads\/2024\/06\/cb-benefits-committee-member-victor-ku-1x1-1-300x300.jpg 300w, \/wp-content\/uploads\/2024\/06\/cb-benefits-committee-member-victor-ku-1x1-1-768x768.jpg 768w\" sizes=\"auto, (max-width: 1000px) 100vw, 1000px\" \/><\/figure>\n<\/div>\n\n\n\n<div class=\"wp-block-column is-layout-flow wp-block-column-is-layout-flow\" style=\"flex-basis:66.66%\">\n<h2 class=\"wp-block-heading has-large-font-size\"><strong><strong>Victor Ku<\/strong><\/strong><\/h2>\n\n\n\n<h4 class=\"wp-block-heading has-text-align-left has-medium-font-size\" style=\"font-style:normal;font-weight:500\">Directeur des finances et de l\u2019administration (BCOC)<\/h4>\n\n\n\n<p><strong>Victor Ku<\/strong>, ing\u00e9nieur agricole dipl\u00f4m\u00e9 de l\u2019Universit\u00e9 de Guelph, a consacr\u00e9 21 ans \u00e0 l\u2019industrie de l\u2019ing\u00e9nierie. Apr\u00e8s avoir immigr\u00e9 au Canada de l\u2019Asie avec sa famille en 2005, il a obtenu une ma\u00eetrise en th\u00e9ologie appliqu\u00e9e du Coll\u00e8ge Regent \u00e0 Vancouver. Depuis 2011, M. Ku est directeur des finances et de l\u2019administration aupr\u00e8s des Baptistes canadiens de l\u2019Ouest du Canada (BCOC). Dans l\u2019exercice de ces fonctions, il a mis en \u0153uvre des mesures de r\u00e9duction des co\u00fbts et renforc\u00e9 les fonctions administratives, ce qui a contribu\u00e9 \u00e0 la viabilit\u00e9 et \u00e0 la croissance des minist\u00e8res de cette association. M. Ku est anim\u00e9 d\u2019une passion pour le soutien des minist\u00e8res chr\u00e9tiens et pour la g\u00e9rance efficace des ressources financi\u00e8res du Seigneur au sein de la famille baptiste canadienne. Lui et sa famille habitent \u00e0 Calgary, en Alberta.<\/p>\n<\/div>\n<\/div>\n","protected":false},"excerpt":{"rendered":"<p>Victor Ku Directeur des finances et de l\u2019administration (BCOC) Victor Ku, ing\u00e9nieur agricole dipl\u00f4m\u00e9 de l\u2019Universit\u00e9 de Guelph, a consacr\u00e9 21 ans \u00e0 l\u2019industrie de l\u2019ing\u00e9nierie. Apr\u00e8s avoir immigr\u00e9 au Canada de l\u2019Asie avec sa famille en 2005, il a obtenu une ma\u00eetrise en th\u00e9ologie appliqu\u00e9e du Coll\u00e8ge Regent \u00e0 Vancouver. Depuis 2011, M. Ku [&hellip;]<\/p>\n","protected":false},"author":2,"featured_media":0,"parent":4351,"menu_order":1,"comment_status":"closed","ping_status":"closed","template":"page-template\/boxed-layout.php","meta":{"_acf_changed":false,"footnotes":""},"class_list":["post-4430","page","type-page","status-publish","hentry"],"acf":[],"_links":{"self":[{"href":"https:\/\/cbbenefits.ca\/fr\/wp-json\/wp\/v2\/pages\/4430","targetHints":{"allow":["GET"]}}],"collection":[{"href":"https:\/\/cbbenefits.ca\/fr\/wp-json\/wp\/v2\/pages"}],"about":[{"href":"https:\/\/cbbenefits.ca\/fr\/wp-json\/wp\/v2\/types\/page"}],"author":[{"embeddable":true,"href":"https:\/\/cbbenefits.ca\/fr\/wp-json\/wp\/v2\/users\/2"}],"replies":[{"embeddable":true,"href":"https:\/\/cbbenefits.ca\/fr\/wp-json\/wp\/v2\/comments?post=4430"}],"version-history":[{"count":2,"href":"https:\/\/cbbenefits.ca\/fr\/wp-json\/wp\/v2\/pages\/4430\/revisions"}],"predecessor-version":[{"id":4457,"href":"https:\/\/cbbenefits.ca\/fr\/wp-json\/wp\/v2\/pages\/4430\/revisions\/4457"}],"up":[{"embeddable":true,"href":"https:\/\/cbbenefits.ca\/fr\/wp-json\/wp\/v2\/pages\/4351"}],"wp:attachment":[{"href":"https:\/\/cbbenefits.ca\/fr\/wp-json\/wp\/v2\/media?parent=4430"}],"curies":[{"name":"wp","href":"https:\/\/api.w.org\/{rel}","templated":true}]}}