{"id":4431,"date":"2024-09-28T00:20:50","date_gmt":"2024-09-28T04:20:50","guid":{"rendered":"https:\/\/cbbenefits.ca\/?page_id=4431"},"modified":"2025-12-19T14:36:19","modified_gmt":"2025-12-19T19:36:19","slug":"winston-woo","status":"publish","type":"page","link":"https:\/\/cbbenefits.ca\/fr\/gouvernance\/winston-woo\/","title":{"rendered":"Winston Woo"},"content":{"rendered":"  <div id=\"page-hero-block_f423199abdfb040208d3f98a04f89035\" class=\"page-hero no-image\">\r\n    <div class=\"page-hero__container grey\" >\r\n      <div class=\"page-hero__image\">\r\n        <div class=\"page-hero__image__circle\">\r\n          <div class=\"page-hero__image__circle__bottom none\" style=\"background-image:url('')\"><\/div>\r\n        <\/div>\r\n      <\/div>\r\n      <div class=\"page-hero__wrapper\">\r\n        <div class=\"page-hero__breadcrumb\">\r\n          <h1>\r\n                          <a href=\"\/fr\/gouvernance\/\"><span class=\"page-hero__breadcrumb__parent\">Gouvernance<\/span><\/a> <span class=\"page-hero__breadcrumb__separator\">|<\/span>\r\n                        <span class=\"page-hero__breadcrumb__current\">\r\n                              Winston Woo                          <\/span>\r\n          <\/h1>\r\n        <\/div>\r\n      <\/div>\r\n    <\/div>\r\n  <\/div>\r\n\n\n\n<div class=\"wp-block-columns is-not-stacked-on-mobile member-single is-layout-flex wp-container-core-columns-is-layout-9d6595d7 wp-block-columns-is-layout-flex\">\n<div class=\"wp-block-column is-layout-flow wp-block-column-is-layout-flow\" style=\"flex-basis:33.33%\">\n<figure class=\"wp-block-image size-full is-style-rounded\"><img loading=\"lazy\" decoding=\"async\" width=\"1000\" height=\"1000\" src=\"\/wp-content\/uploads\/2024\/06\/cb-benefits-committee-member-winston-wu-1x1-1.jpg\" alt=\"\" class=\"wp-image-3740\" style=\"aspect-ratio:1;object-fit:cover\" title=\"\" srcset=\"\/wp-content\/uploads\/2024\/06\/cb-benefits-committee-member-winston-wu-1x1-1.jpg 1000w, \/wp-content\/uploads\/2024\/06\/cb-benefits-committee-member-winston-wu-1x1-1-300x300.jpg 300w, \/wp-content\/uploads\/2024\/06\/cb-benefits-committee-member-winston-wu-1x1-1-768x768.jpg 768w\" sizes=\"auto, (max-width: 1000px) 100vw, 1000px\" \/><\/figure>\n<\/div>\n\n\n\n<div class=\"wp-block-column is-layout-flow wp-block-column-is-layout-flow\" style=\"flex-basis:66.66%\">\n<h2 class=\"wp-block-heading has-large-font-size\"><strong><strong>Winston Woo<\/strong><\/strong><\/h2>\n\n\n\n<h4 class=\"wp-block-heading has-text-align-left has-medium-font-size\" style=\"font-style:normal;font-weight:500\">Pr\u00e9sident actuel du Comit\u00e9 de retraite et d\u2019assurance<\/h4>\n\n\n\n<p><strong>Winston Woo<\/strong> est un leader reconnu dans la promotion de la comp\u00e9titivit\u00e9 fiscale canadienne et de la modernisation des r\u00e9gimes de retraite, apportant plus de 30 ans d\u2019expertise en fiscalit\u00e9, en leadership corporatif, en gestion des pensions et en gouvernance. Actuellement membre du Comit\u00e9 des pensions et des investissements, Winston a occup\u00e9 de nombreux postes de direction dans le secteur sans but lucratif, o\u00f9 il demeure tr\u00e8s engag\u00e9. Il est le secr\u00e9taire du conseil d\u2019administration de l\u2019\u00c9glise Baptiste Chinoise de Markham et conseiller aupr\u00e8s du comit\u00e9 d\u2019investissement des Baptistes Canadiens de l\u2019Ontario et du Qu\u00e9bec (CBOQ). Ses r\u00f4les pr\u00e9c\u00e9dents incluent le pr\u00e9sident du chapitre de Toronto de l\u2019Institut des cadres fiscaux (TEI), le directeur du conseil consultatif de l\u2019Ontario des Manufacturiers et Exportateurs Canadiens (CME), le directeur du conseil de gestion des pensions de l\u2019ICPP, ainsi que des fonctions au sein du conseil d\u2019administration et du comit\u00e9 de surveillance financi\u00e8re de CBOQ. Il a \u00e9galement pr\u00e9sid\u00e9 le comit\u00e9 des finances et de la fiscalit\u00e9 de CME. Winston a r\u00e9cemment \u00e9t\u00e9 reconnu par <em>Benefits and Pension Monitor<\/em> comme l\u2019un des meilleurs dirigeants financiers dans les secteurs des avantages sociaux, des pensions et des investissements institutionnels. Comptable professionnel agr\u00e9\u00e9 (CPA, CA), il d\u00e9tient une ma\u00eetrise en comptabilit\u00e9 de l\u2019Universit\u00e9 de Denver.<\/p>\n<\/div>\n<\/div>\n","protected":false},"excerpt":{"rendered":"<p>Winston Woo Pr\u00e9sident actuel du Comit\u00e9 de retraite et d\u2019assurance Winston Woo est un leader reconnu dans la promotion de la comp\u00e9titivit\u00e9 fiscale canadienne et de la modernisation des r\u00e9gimes de retraite, apportant plus de 30 ans d\u2019expertise en fiscalit\u00e9, en leadership corporatif, en gestion des pensions et en gouvernance. Actuellement membre du Comit\u00e9 des [&hellip;]<\/p>\n","protected":false},"author":2,"featured_media":0,"parent":4351,"menu_order":1,"comment_status":"closed","ping_status":"closed","template":"page-template\/boxed-layout.php","meta":{"_acf_changed":false,"footnotes":""},"class_list":["post-4431","page","type-page","status-publish","hentry"],"acf":[],"_links":{"self":[{"href":"https:\/\/cbbenefits.ca\/fr\/wp-json\/wp\/v2\/pages\/4431","targetHints":{"allow":["GET"]}}],"collection":[{"href":"https:\/\/cbbenefits.ca\/fr\/wp-json\/wp\/v2\/pages"}],"about":[{"href":"https:\/\/cbbenefits.ca\/fr\/wp-json\/wp\/v2\/types\/page"}],"author":[{"embeddable":true,"href":"https:\/\/cbbenefits.ca\/fr\/wp-json\/wp\/v2\/users\/2"}],"replies":[{"embeddable":true,"href":"https:\/\/cbbenefits.ca\/fr\/wp-json\/wp\/v2\/comments?post=4431"}],"version-history":[{"count":3,"href":"https:\/\/cbbenefits.ca\/fr\/wp-json\/wp\/v2\/pages\/4431\/revisions"}],"predecessor-version":[{"id":5203,"href":"https:\/\/cbbenefits.ca\/fr\/wp-json\/wp\/v2\/pages\/4431\/revisions\/5203"}],"up":[{"embeddable":true,"href":"https:\/\/cbbenefits.ca\/fr\/wp-json\/wp\/v2\/pages\/4351"}],"wp:attachment":[{"href":"https:\/\/cbbenefits.ca\/fr\/wp-json\/wp\/v2\/media?parent=4431"}],"curies":[{"name":"wp","href":"https:\/\/api.w.org\/{rel}","templated":true}]}}