{"id":4432,"date":"2024-09-28T00:21:59","date_gmt":"2024-09-28T04:21:59","guid":{"rendered":"https:\/\/cbbenefits.ca\/?page_id=4432"},"modified":"2026-01-09T11:50:43","modified_gmt":"2026-01-09T16:50:43","slug":"julie-deshaies","status":"publish","type":"page","link":"https:\/\/cbbenefits.ca\/fr\/gouvernance\/julie-deshaies\/","title":{"rendered":"Julie Deshaies"},"content":{"rendered":"  <div id=\"page-hero-block_c2e63adb978669f41780e3098aac3f7f\" class=\"page-hero no-image\">\r\n    <div class=\"page-hero__container grey\" >\r\n      <div class=\"page-hero__image\">\r\n        <div class=\"page-hero__image__circle\">\r\n          <div class=\"page-hero__image__circle__bottom none\" style=\"background-image:url('')\"><\/div>\r\n        <\/div>\r\n      <\/div>\r\n      <div class=\"page-hero__wrapper\">\r\n        <div class=\"page-hero__breadcrumb\">\r\n          <h1>\r\n                          <a href=\"\/fr\/gouvernance\/\"><span class=\"page-hero__breadcrumb__parent\">Gouvernance<\/span><\/a> <span class=\"page-hero__breadcrumb__separator\">|<\/span>\r\n                        <span class=\"page-hero__breadcrumb__current\">\r\n                              Julie Deshaies                          <\/span>\r\n          <\/h1>\r\n        <\/div>\r\n      <\/div>\r\n    <\/div>\r\n  <\/div>\r\n\n\n\n<div class=\"wp-block-columns is-not-stacked-on-mobile member-single is-layout-flex wp-container-core-columns-is-layout-9d6595d7 wp-block-columns-is-layout-flex\">\n<div class=\"wp-block-column is-layout-flow wp-block-column-is-layout-flow\" style=\"flex-basis:33.33%\">\n<figure class=\"wp-block-image size-large is-style-rounded\"><img decoding=\"async\" src=\"\/wp-content\/uploads\/2026\/01\/cb-benefits-committee-member-julie-deshaies-1x1-1.jpg\" alt=\"\" style=\"aspect-ratio:1;object-fit:cover\" title=\"\"\/><\/figure>\n<\/div>\n\n\n\n<div class=\"wp-block-column is-layout-flow wp-block-column-is-layout-flow\" style=\"flex-basis:66.66%\">\n<h2 class=\"wp-block-heading has-large-font-size\">Julie Deshaies<\/h2>\n\n\n\n<h4 class=\"wp-block-heading has-text-align-left has-medium-font-size\" style=\"font-style:normal;font-weight:500\">Directrice de l\u2019administration et des finances (U\u00c9BFC)<\/h4>\n\n\n\n<p><strong>Julie Deshaies<\/strong> occupe le poste de Directrice de l\u2019administration et des finances de l\u2019Union depuis avril 2025, o\u00f9 elle assure un leadership strat\u00e9gique en mati\u00e8re de gestion financi\u00e8re et d\u2019op\u00e9rations administratives. Elle est titulaire d\u2019un baccalaur\u00e9at en administration des affaires et poss\u00e8de une solide exp\u00e9rience acquise dans son r\u00f4le pr\u00e9c\u00e9dent de coordonnatrice pour un r\u00e9seau d\u2019organismes communautaires. Engag\u00e9e dans la gouvernance et la saine gestion financi\u00e8re, Julie a \u00e9galement exerc\u00e9 la fonction de tr\u00e9sori\u00e8re de son \u00e9glise locale pendant cinq ans. Mari\u00e9e \u00e0 Maxime, elle est m\u00e8re de trois enfants , Olivier, Samuel et Florence. En dehors de ses responsabilit\u00e9s professionnelles, Julie aime passer du temps avec sa famille, faire de la randonn\u00e9e et voyager.<\/p>\n<\/div>\n<\/div>\n\n\n\n<p><\/p>\n","protected":false},"excerpt":{"rendered":"<p>Julie Deshaies Directrice de l\u2019administration et des finances (U\u00c9BFC) Julie Deshaies occupe le poste de Directrice de l\u2019administration et des finances de l\u2019Union depuis avril 2025, o\u00f9 elle assure un leadership strat\u00e9gique en mati\u00e8re de gestion financi\u00e8re et d\u2019op\u00e9rations administratives. Elle est titulaire d\u2019un baccalaur\u00e9at en administration des affaires et poss\u00e8de une solide exp\u00e9rience acquise [&hellip;]<\/p>\n","protected":false},"author":2,"featured_media":0,"parent":4351,"menu_order":1,"comment_status":"closed","ping_status":"closed","template":"page-template\/boxed-layout.php","meta":{"_acf_changed":false,"footnotes":""},"class_list":["post-4432","page","type-page","status-publish","hentry"],"acf":[],"_links":{"self":[{"href":"https:\/\/cbbenefits.ca\/fr\/wp-json\/wp\/v2\/pages\/4432","targetHints":{"allow":["GET"]}}],"collection":[{"href":"https:\/\/cbbenefits.ca\/fr\/wp-json\/wp\/v2\/pages"}],"about":[{"href":"https:\/\/cbbenefits.ca\/fr\/wp-json\/wp\/v2\/types\/page"}],"author":[{"embeddable":true,"href":"https:\/\/cbbenefits.ca\/fr\/wp-json\/wp\/v2\/users\/2"}],"replies":[{"embeddable":true,"href":"https:\/\/cbbenefits.ca\/fr\/wp-json\/wp\/v2\/comments?post=4432"}],"version-history":[{"count":5,"href":"https:\/\/cbbenefits.ca\/fr\/wp-json\/wp\/v2\/pages\/4432\/revisions"}],"predecessor-version":[{"id":5340,"href":"https:\/\/cbbenefits.ca\/fr\/wp-json\/wp\/v2\/pages\/4432\/revisions\/5340"}],"up":[{"embeddable":true,"href":"https:\/\/cbbenefits.ca\/fr\/wp-json\/wp\/v2\/pages\/4351"}],"wp:attachment":[{"href":"https:\/\/cbbenefits.ca\/fr\/wp-json\/wp\/v2\/media?parent=4432"}],"curies":[{"name":"wp","href":"https:\/\/api.w.org\/{rel}","templated":true}]}}