{"id":4531,"date":"2024-06-18T17:18:21","date_gmt":"2024-06-18T21:18:21","guid":{"rendered":"https:\/\/cbbenefits.ca\/gouvernance\/martin-zwicker-2\/"},"modified":"2026-01-09T11:51:58","modified_gmt":"2026-01-09T16:51:58","slug":"koon-wah-leung","status":"publish","type":"page","link":"https:\/\/cbbenefits.ca\/fr\/gouvernance\/koon-wah-leung\/","title":{"rendered":"Koon Wah Leung"},"content":{"rendered":"  <div id=\"page-hero-block_3b1ca5b1d3c4e616eae0e30a761273dc\" class=\"page-hero no-image\">\r\n    <div class=\"page-hero__container grey\" >\r\n      <div class=\"page-hero__image\">\r\n        <div class=\"page-hero__image__circle\">\r\n          <div class=\"page-hero__image__circle__bottom none\" style=\"background-image:url('')\"><\/div>\r\n        <\/div>\r\n      <\/div>\r\n      <div class=\"page-hero__wrapper\">\r\n        <div class=\"page-hero__breadcrumb\">\r\n          <h1>\r\n                          <a href=\"\/fr\/gouvernance\/\"><span class=\"page-hero__breadcrumb__parent\">Gouvernance<\/span><\/a> <span class=\"page-hero__breadcrumb__separator\">|<\/span>\r\n                        <span class=\"page-hero__breadcrumb__current\">\r\n                              Koon Wah Leung                          <\/span>\r\n          <\/h1>\r\n        <\/div>\r\n      <\/div>\r\n    <\/div>\r\n  <\/div>\r\n\n<div class=\"wp-block-columns is-not-stacked-on-mobile member-single is-layout-flex wp-container-core-columns-is-layout-9d6595d7 wp-block-columns-is-layout-flex\">\n<div class=\"wp-block-column is-layout-flow wp-block-column-is-layout-flow\" style=\"flex-basis:33.33%\">\n<figure class=\"wp-block-image size-full is-style-rounded\"><img loading=\"lazy\" decoding=\"async\" width=\"1000\" height=\"1000\" src=\"\/wp-content\/uploads\/2026\/01\/cb-benefits-committee-member-koon-wah-leung-1x1-1.jpg\" alt=\"\" class=\"wp-image-5320\" style=\"aspect-ratio:1;object-fit:cover\" title=\"\" srcset=\"\/wp-content\/uploads\/2026\/01\/cb-benefits-committee-member-koon-wah-leung-1x1-1.jpg 1000w, \/wp-content\/uploads\/2026\/01\/cb-benefits-committee-member-koon-wah-leung-1x1-1-300x300.jpg 300w, \/wp-content\/uploads\/2026\/01\/cb-benefits-committee-member-koon-wah-leung-1x1-1-768x768.jpg 768w\" sizes=\"auto, (max-width: 1000px) 100vw, 1000px\" \/><\/figure>\n<\/div>\n\n\n\n<div class=\"wp-block-column is-layout-flow wp-block-column-is-layout-flow\" style=\"flex-basis:66.66%\">\n<h2 class=\"wp-block-heading has-large-font-size\"><strong><strong>Koon Wah Leung<\/strong><\/strong><\/h2>\n\n\n\n<h4 class=\"wp-block-heading has-text-align-left has-medium-font-size\" style=\"font-style:normal;font-weight:500\">Directrice principale des op\u00e9rations Director of Operations<\/h4>\n\n\n\n<p><strong>Koon Wah Leung<\/strong> est la Directrice principale des op\u00e9rations pour les Baptistes Canadiens de l\u2019Ontario et du Qu\u00e9bec (CBOQ). Elle supervise des domaines strat\u00e9giques tels que les finances, les communications, les ressources humaines et la planification organisationnelle. Forte de plus de 25 ans d\u2019exp\u00e9rience en leadership corporatif, couvrant la gestion de marque, l\u2019innovation en sant\u00e9 et le d\u00e9veloppement des affaires, Koon apporte une expertise unique \u00e0 son r\u00f4le. Pharmacienne agr\u00e9\u00e9e, elle a si\u00e9g\u00e9 \u00e0 des comit\u00e9s d\u2019examen de formulaires et particip\u00e9 \u00e0 des n\u00e9gociations pour l\u2019inscription de produits, renfor\u00e7ant son profil de leader polyvalente. En dehors de ses responsabilit\u00e9s professionnelles, Koon et son mari, Cl\u00e9ment, qui dirige le minist\u00e8re Jane and Finch chez Youth Unlimited, aiment voyager, d\u00e9couvrir de nouvelles cuisines et faire de la randonn\u00e9e avec leurs deux fils.    <\/p>\n<\/div>\n<\/div>\n\n<p><\/p>\n","protected":false},"excerpt":{"rendered":"<p>Koon Wah Leung Directrice principale des op\u00e9rations Director of Operations Koon Wah Leung est la Directrice principale des op\u00e9rations pour les Baptistes Canadiens de l\u2019Ontario et du Qu\u00e9bec (CBOQ). Elle supervise des domaines strat\u00e9giques tels que les finances, les communications, les ressources humaines et la planification organisationnelle. Forte de plus de 25 ans d\u2019exp\u00e9rience en [&hellip;]<\/p>\n","protected":false},"author":5,"featured_media":0,"parent":4351,"menu_order":1,"comment_status":"closed","ping_status":"closed","template":"page-template\/boxed-layout.php","meta":{"_acf_changed":false,"footnotes":""},"class_list":["post-4531","page","type-page","status-publish","hentry"],"acf":[],"_links":{"self":[{"href":"https:\/\/cbbenefits.ca\/fr\/wp-json\/wp\/v2\/pages\/4531","targetHints":{"allow":["GET"]}}],"collection":[{"href":"https:\/\/cbbenefits.ca\/fr\/wp-json\/wp\/v2\/pages"}],"about":[{"href":"https:\/\/cbbenefits.ca\/fr\/wp-json\/wp\/v2\/types\/page"}],"author":[{"embeddable":true,"href":"https:\/\/cbbenefits.ca\/fr\/wp-json\/wp\/v2\/users\/5"}],"replies":[{"embeddable":true,"href":"https:\/\/cbbenefits.ca\/fr\/wp-json\/wp\/v2\/comments?post=4531"}],"version-history":[{"count":7,"href":"https:\/\/cbbenefits.ca\/fr\/wp-json\/wp\/v2\/pages\/4531\/revisions"}],"predecessor-version":[{"id":5328,"href":"https:\/\/cbbenefits.ca\/fr\/wp-json\/wp\/v2\/pages\/4531\/revisions\/5328"}],"up":[{"embeddable":true,"href":"https:\/\/cbbenefits.ca\/fr\/wp-json\/wp\/v2\/pages\/4351"}],"wp:attachment":[{"href":"https:\/\/cbbenefits.ca\/fr\/wp-json\/wp\/v2\/media?parent=4531"}],"curies":[{"name":"wp","href":"https:\/\/api.w.org\/{rel}","templated":true}]}}