{"id":5232,"date":"2025-12-23T16:40:47","date_gmt":"2025-12-23T21:40:47","guid":{"rendered":"https:\/\/cbbenefits.ca\/gouvernance\/rev-andrew-lortie\/"},"modified":"2026-01-09T11:52:28","modified_gmt":"2026-01-09T16:52:28","slug":"rev-andrew-lortie","status":"publish","type":"page","link":"https:\/\/cbbenefits.ca\/fr\/gouvernance\/rev-andrew-lortie\/","title":{"rendered":"R\u00e9v. Andrew Lortie"},"content":{"rendered":"  <div id=\"page-hero-block_6e98bdc0c0007d5eb93f47976ddb1559\" class=\"page-hero no-image\">\r\n    <div class=\"page-hero__container grey\" >\r\n      <div class=\"page-hero__image\">\r\n        <div class=\"page-hero__image__circle\">\r\n          <div class=\"page-hero__image__circle__bottom none\" style=\"background-image:url('')\"><\/div>\r\n        <\/div>\r\n      <\/div>\r\n      <div class=\"page-hero__wrapper\">\r\n        <div class=\"page-hero__breadcrumb\">\r\n          <h1>\r\n                          <a href=\"\/fr\/gouvernance\/\"><span class=\"page-hero__breadcrumb__parent\">Gouvernance<\/span><\/a> <span class=\"page-hero__breadcrumb__separator\">|<\/span>\r\n                        <span class=\"page-hero__breadcrumb__current\">\r\n                              Rev. Andrew Lortie                          <\/span>\r\n          <\/h1>\r\n        <\/div>\r\n      <\/div>\r\n    <\/div>\r\n  <\/div>\r\n\n\n\n<div class=\"wp-block-columns is-not-stacked-on-mobile member-single is-layout-flex wp-container-core-columns-is-layout-9d6595d7 wp-block-columns-is-layout-flex\">\n<div class=\"wp-block-column is-layout-flow wp-block-column-is-layout-flow\" style=\"flex-basis:33.33%\">\n<figure class=\"wp-block-image size-large is-style-rounded\"><img decoding=\"async\" src=\"\/wp-content\/uploads\/2026\/01\/cb-benefits-committee-member-andrew-lortie-1x1-1.jpg\" alt=\"\" style=\"aspect-ratio:1;object-fit:cover\" title=\"\"\/><\/figure>\n<\/div>\n\n\n\n<div class=\"wp-block-column is-layout-flow wp-block-column-is-layout-flow\" style=\"flex-basis:66.66%\">\n<h2 class=\"wp-block-heading has-large-font-size\"><strong><strong>R\u00e9v. Andrew Lortie<\/strong><\/strong><\/h2>\n\n\n\n<h4 class=\"wp-block-heading has-text-align-left has-medium-font-size\" style=\"font-style:normal;font-weight:500\">Membre de le Comit\u00e9<\/h4>\n\n\n\n<p><strong>Le R\u00e9v. Andrew Lortie<\/strong> est le pasteur principal de l\u2019\u00c9glise Baptiste First \u00e0 Brandon, au Manitoba, depuis 2019. Ordonn\u00e9 en juin 2023, il d\u00e9tient une ma\u00eetrise en divinit\u00e9 du S\u00e9minaire Baptiste Canadien ainsi qu\u2019un baccalaur\u00e9at en \u00e9tudes bibliques du Columbia Bible College. Passionn\u00e9 par le sport et les loisirs, Andrew s\u2019int\u00e9resse au hockey, au golf et \u00e0 la NASCAR, tout en appr\u00e9ciant la lecture, les casse-t\u00eates et les jeux de soci\u00e9t\u00e9. Mari\u00e9 \u00e0 Joy depuis plus de 16 ans, ils ont la joie d\u2019\u00e9lever trois enfants : Selena, Sophia et Caleb.   <\/p>\n<\/div>\n<\/div>\n","protected":false},"excerpt":{"rendered":"<p>R\u00e9v. Andrew Lortie Membre de le Comit\u00e9 Le R\u00e9v. Andrew Lortie est le pasteur principal de l\u2019\u00c9glise Baptiste First \u00e0 Brandon, au Manitoba, depuis 2019. Ordonn\u00e9 en juin 2023, il d\u00e9tient une ma\u00eetrise en divinit\u00e9 du S\u00e9minaire Baptiste Canadien ainsi qu\u2019un baccalaur\u00e9at en \u00e9tudes bibliques du Columbia Bible College. Passionn\u00e9 par le sport et les [&hellip;]<\/p>\n","protected":false},"author":6,"featured_media":0,"parent":4351,"menu_order":1,"comment_status":"closed","ping_status":"closed","template":"page-template\/boxed-layout.php","meta":{"_acf_changed":false,"footnotes":""},"class_list":["post-5232","page","type-page","status-publish","hentry"],"acf":[],"_links":{"self":[{"href":"https:\/\/cbbenefits.ca\/fr\/wp-json\/wp\/v2\/pages\/5232","targetHints":{"allow":["GET"]}}],"collection":[{"href":"https:\/\/cbbenefits.ca\/fr\/wp-json\/wp\/v2\/pages"}],"about":[{"href":"https:\/\/cbbenefits.ca\/fr\/wp-json\/wp\/v2\/types\/page"}],"author":[{"embeddable":true,"href":"https:\/\/cbbenefits.ca\/fr\/wp-json\/wp\/v2\/users\/6"}],"replies":[{"embeddable":true,"href":"https:\/\/cbbenefits.ca\/fr\/wp-json\/wp\/v2\/comments?post=5232"}],"version-history":[{"count":4,"href":"https:\/\/cbbenefits.ca\/fr\/wp-json\/wp\/v2\/pages\/5232\/revisions"}],"predecessor-version":[{"id":5345,"href":"https:\/\/cbbenefits.ca\/fr\/wp-json\/wp\/v2\/pages\/5232\/revisions\/5345"}],"up":[{"embeddable":true,"href":"https:\/\/cbbenefits.ca\/fr\/wp-json\/wp\/v2\/pages\/4351"}],"wp:attachment":[{"href":"https:\/\/cbbenefits.ca\/fr\/wp-json\/wp\/v2\/media?parent=5232"}],"curies":[{"name":"wp","href":"https:\/\/api.w.org\/{rel}","templated":true}]}}